{"id":982,"date":"2021-02-04T14:08:00","date_gmt":"2021-02-04T14:08:00","guid":{"rendered":"http:\/\/www.pipety.eu\/?post_type=product&#038;p=982"},"modified":"2021-05-02T18:29:28","modified_gmt":"2021-05-02T18:29:28","slug":"testovaci-baleni-combitipu","status":"publish","type":"product","link":"https:\/\/www.pipety.eu\/?product=testovaci-baleni-combitipu","title":{"rendered":"Testovac\u00ed balen\u00ed Combitip\u016f"},"content":{"rendered":"<p>9 x 1 ks, sou\u010d\u00e1st\u00ed jsou adapt\u00e9ry pro 25 a 50 ml<\/p>\n","protected":false},"excerpt":{"rendered":"<p>9 x 1 ks, sou\u010d\u00e1st\u00ed jsou adapt\u00e9ry pro 25 a 50 ml<\/p>\n","protected":false},"featured_media":983,"comment_status":"open","ping_status":"closed","template":"","meta":{"spay_email":""},"_links":{"self":[{"href":"https:\/\/www.pipety.eu\/index.php?rest_route=\/wp\/v2\/product\/982"}],"collection":[{"href":"https:\/\/www.pipety.eu\/index.php?rest_route=\/wp\/v2\/product"}],"about":[{"href":"https:\/\/www.pipety.eu\/index.php?rest_route=\/wp\/v2\/types\/product"}],"replies":[{"embeddable":true,"href":"https:\/\/www.pipety.eu\/index.php?rest_route=%2Fwp%2Fv2%2Fcomments&post=982"}],"wp:featuredmedia":[{"embeddable":true,"href":"https:\/\/www.pipety.eu\/index.php?rest_route=\/wp\/v2\/media\/983"}],"wp:attachment":[{"href":"https:\/\/www.pipety.eu\/index.php?rest_route=%2Fwp%2Fv2%2Fmedia&parent=982"}],"curies":[{"name":"wp","href":"https:\/\/api.w.org\/{rel}","templated":true}]}}