{"id":980,"date":"2021-02-04T14:05:35","date_gmt":"2021-02-04T14:05:35","guid":{"rendered":"http:\/\/www.pipety.eu\/?post_type=product&#038;p=980"},"modified":"2021-05-02T18:29:28","modified_gmt":"2021-05-02T18:29:28","slug":"adapter-pro-50-ml-combitipy","status":"publish","type":"product","link":"https:\/\/www.pipety.eu\/?product=adapter-pro-50-ml-combitipy","title":{"rendered":"Adapt\u00e9r pro 50 ml Combitipy"},"content":{"rendered":"<p>\u0161ed\u00fd<\/p>\n","protected":false},"excerpt":{"rendered":"<p>\u0161ed\u00fd<\/p>\n","protected":false},"featured_media":981,"comment_status":"open","ping_status":"closed","template":"","meta":{"spay_email":""},"_links":{"self":[{"href":"https:\/\/www.pipety.eu\/index.php?rest_route=\/wp\/v2\/product\/980"}],"collection":[{"href":"https:\/\/www.pipety.eu\/index.php?rest_route=\/wp\/v2\/product"}],"about":[{"href":"https:\/\/www.pipety.eu\/index.php?rest_route=\/wp\/v2\/types\/product"}],"replies":[{"embeddable":true,"href":"https:\/\/www.pipety.eu\/index.php?rest_route=%2Fwp%2Fv2%2Fcomments&post=980"}],"wp:featuredmedia":[{"embeddable":true,"href":"https:\/\/www.pipety.eu\/index.php?rest_route=\/wp\/v2\/media\/981"}],"wp:attachment":[{"href":"https:\/\/www.pipety.eu\/index.php?rest_route=%2Fwp%2Fv2%2Fmedia&parent=980"}],"curies":[{"name":"wp","href":"https:\/\/api.w.org\/{rel}","templated":true}]}}