{"id":975,"date":"2021-02-04T13:56:43","date_gmt":"2021-02-04T13:56:43","guid":{"rendered":"http:\/\/www.pipety.eu\/?post_type=product&#038;p=975"},"modified":"2022-05-13T07:53:33","modified_gmt":"2022-05-13T07:53:33","slug":"combitip-advanced-10-ml","status":"publish","type":"product","link":"https:\/\/www.pipety.eu\/?product=combitip-advanced-10-ml","title":{"rendered":"Combitip advanced 10 ml"},"content":{"rendered":"<p>Combitip Advanced 10 ml. V balen\u00ed je 100 ks. Barva oran\u017eov\u00e1.<\/p>\n","protected":false},"excerpt":{"rendered":"<p>Combitip Advanced 10 ml. V balen\u00ed je 100 ks. Barva oran\u017eov\u00e1.<\/p>\n","protected":false},"featured_media":970,"comment_status":"open","ping_status":"closed","template":"","meta":{"spay_email":""},"_links":{"self":[{"href":"https:\/\/www.pipety.eu\/index.php?rest_route=\/wp\/v2\/product\/975"}],"collection":[{"href":"https:\/\/www.pipety.eu\/index.php?rest_route=\/wp\/v2\/product"}],"about":[{"href":"https:\/\/www.pipety.eu\/index.php?rest_route=\/wp\/v2\/types\/product"}],"replies":[{"embeddable":true,"href":"https:\/\/www.pipety.eu\/index.php?rest_route=%2Fwp%2Fv2%2Fcomments&post=975"}],"wp:featuredmedia":[{"embeddable":true,"href":"https:\/\/www.pipety.eu\/index.php?rest_route=\/wp\/v2\/media\/970"}],"wp:attachment":[{"href":"https:\/\/www.pipety.eu\/index.php?rest_route=%2Fwp%2Fv2%2Fmedia&parent=975"}],"curies":[{"name":"wp","href":"https:\/\/api.w.org\/{rel}","templated":true}]}}