{"id":971,"date":"2021-02-04T13:53:01","date_gmt":"2021-02-04T13:53:01","guid":{"rendered":"http:\/\/www.pipety.eu\/?post_type=product&#038;p=971"},"modified":"2025-05-27T15:47:20","modified_gmt":"2025-05-27T15:47:20","slug":"combitip-advanced-02-ml","status":"publish","type":"product","link":"https:\/\/www.pipety.eu\/?product=combitip-advanced-02-ml","title":{"rendered":"Combitip advanced 0,2 ml"},"content":{"rendered":"<p>Combitip Advanced 0,2 ml. V balen\u00ed je 100 ks. Barva sv\u011btle modr\u00e1.<\/p>\n","protected":false},"excerpt":{"rendered":"<p>Combitip Advanced 0,2 ml. V balen\u00ed je 100 ks. Barva sv\u011btle modr\u00e1.<\/p>\n","protected":false},"featured_media":970,"comment_status":"open","ping_status":"closed","template":"","meta":{"spay_email":""},"_links":{"self":[{"href":"https:\/\/www.pipety.eu\/index.php?rest_route=\/wp\/v2\/product\/971"}],"collection":[{"href":"https:\/\/www.pipety.eu\/index.php?rest_route=\/wp\/v2\/product"}],"about":[{"href":"https:\/\/www.pipety.eu\/index.php?rest_route=\/wp\/v2\/types\/product"}],"replies":[{"embeddable":true,"href":"https:\/\/www.pipety.eu\/index.php?rest_route=%2Fwp%2Fv2%2Fcomments&post=971"}],"wp:featuredmedia":[{"embeddable":true,"href":"https:\/\/www.pipety.eu\/index.php?rest_route=\/wp\/v2\/media\/970"}],"wp:attachment":[{"href":"https:\/\/www.pipety.eu\/index.php?rest_route=%2Fwp%2Fv2%2Fmedia&parent=971"}],"curies":[{"name":"wp","href":"https:\/\/api.w.org\/{rel}","templated":true}]}}