{"id":600,"date":"2021-01-04T11:40:34","date_gmt":"2021-01-04T11:40:34","guid":{"rendered":"http:\/\/www.pipety.eu\/?post_type=product&#038;p=600"},"modified":"2021-05-02T18:17:17","modified_gmt":"2021-05-02T18:17:17","slug":"pack-3-pipet-finnpipette-f3","status":"publish","type":"product","link":"https:\/\/www.pipety.eu\/?product=pack-3-pipet-finnpipette-f3","title":{"rendered":"Pack 3 pipet Finnpipette F3"},"content":{"rendered":"<p>Pack 3 pipet Finnpipette F3.<\/p>\n<p>Objemy pipet: 20-200 \u00b5l, 100-1000 \u00b5l a 1-10 ml.<\/p>\n<p>Cena je v\u010detn\u011b akreditovan\u00e9 kalibrace.<\/p>\n<p>&nbsp;<\/p>\n","protected":false},"excerpt":{"rendered":"<p>Pack 3 pipet Finnpipette F3. Objemy pipet: 20-200 \u00b5l, 100-1000 \u00b5l a 1-10 ml. Cena je v\u010detn\u011b akreditovan\u00e9 kalibrace. &nbsp;<\/p>\n","protected":false},"featured_media":601,"comment_status":"open","ping_status":"closed","template":"","meta":{"spay_email":""},"_links":{"self":[{"href":"https:\/\/www.pipety.eu\/index.php?rest_route=\/wp\/v2\/product\/600"}],"collection":[{"href":"https:\/\/www.pipety.eu\/index.php?rest_route=\/wp\/v2\/product"}],"about":[{"href":"https:\/\/www.pipety.eu\/index.php?rest_route=\/wp\/v2\/types\/product"}],"replies":[{"embeddable":true,"href":"https:\/\/www.pipety.eu\/index.php?rest_route=%2Fwp%2Fv2%2Fcomments&post=600"}],"wp:featuredmedia":[{"embeddable":true,"href":"https:\/\/www.pipety.eu\/index.php?rest_route=\/wp\/v2\/media\/601"}],"wp:attachment":[{"href":"https:\/\/www.pipety.eu\/index.php?rest_route=%2Fwp%2Fv2%2Fmedia&parent=600"}],"curies":[{"name":"wp","href":"https:\/\/api.w.org\/{rel}","templated":true}]}}