{"id":592,"date":"2021-01-04T11:26:39","date_gmt":"2021-01-04T11:26:39","guid":{"rendered":"http:\/\/www.pipety.eu\/?post_type=product&#038;p=592"},"modified":"2022-05-13T08:24:21","modified_gmt":"2022-05-13T08:24:21","slug":"finnpipette-f3-s-fixnim-objemem-25-%c2%b5l","status":"publish","type":"product","link":"https:\/\/www.pipety.eu\/?product=finnpipette-f3-s-fixnim-objemem-25-%c2%b5l","title":{"rendered":"Finnpipette F3 s fixn\u00edm objemem 25 \u00b5l"},"content":{"rendered":"<p>Pipeta Finnpipette F3 s fixn\u00edm objemem 25 \u00b5l. Cena pipety je v\u010detn\u011b akreditovan\u00e9 kalibrace.<\/p>\n","protected":false},"excerpt":{"rendered":"<p>Pipeta Finnpipette F3 s fixn\u00edm objemem 25 \u00b5l. Cena pipety je v\u010detn\u011b akreditovan\u00e9 kalibrace.<\/p>\n","protected":false},"featured_media":579,"comment_status":"open","ping_status":"closed","template":"","meta":{"spay_email":""},"_links":{"self":[{"href":"https:\/\/www.pipety.eu\/index.php?rest_route=\/wp\/v2\/product\/592"}],"collection":[{"href":"https:\/\/www.pipety.eu\/index.php?rest_route=\/wp\/v2\/product"}],"about":[{"href":"https:\/\/www.pipety.eu\/index.php?rest_route=\/wp\/v2\/types\/product"}],"replies":[{"embeddable":true,"href":"https:\/\/www.pipety.eu\/index.php?rest_route=%2Fwp%2Fv2%2Fcomments&post=592"}],"wp:featuredmedia":[{"embeddable":true,"href":"https:\/\/www.pipety.eu\/index.php?rest_route=\/wp\/v2\/media\/579"}],"wp:attachment":[{"href":"https:\/\/www.pipety.eu\/index.php?rest_route=%2Fwp%2Fv2%2Fmedia&parent=592"}],"curies":[{"name":"wp","href":"https:\/\/api.w.org\/{rel}","templated":true}]}}