{"id":582,"date":"2021-01-04T10:59:33","date_gmt":"2021-01-04T10:59:33","guid":{"rendered":"http:\/\/www.pipety.eu\/?post_type=product&#038;p=582"},"modified":"2022-05-13T08:25:53","modified_gmt":"2022-05-13T08:25:53","slug":"finnpipette-f3-s-variabilnim-objemem-05-5-ml","status":"publish","type":"product","link":"https:\/\/www.pipety.eu\/?product=finnpipette-f3-s-variabilnim-objemem-05-5-ml","title":{"rendered":"Finnpipette F3 s variabiln\u00edm objemem 0,5-5 ml"},"content":{"rendered":"<p>Jednokan\u00e1lov\u00e1 pipeta Finnpipette F3 s variabiln\u00edm objemem. Doporu\u010dujeme koupit origin\u00e1ln\u00ed \u0161pi\u010dky Finnpipette. Cena pipety je v\u010detn\u011b akreditovan\u00e9 kalibrace.<\/p>\n","protected":false},"excerpt":{"rendered":"<p>Jednokan\u00e1lov\u00e1 pipeta Finnpipette F3 s variabiln\u00edm objemem. Doporu\u010dujeme koupit origin\u00e1ln\u00ed \u0161pi\u010dky Finnpipette. Cena pipety je v\u010detn\u011b akreditovan\u00e9 kalibrace.<\/p>\n","protected":false},"featured_media":586,"comment_status":"open","ping_status":"closed","template":"","meta":{"spay_email":""},"_links":{"self":[{"href":"https:\/\/www.pipety.eu\/index.php?rest_route=\/wp\/v2\/product\/582"}],"collection":[{"href":"https:\/\/www.pipety.eu\/index.php?rest_route=\/wp\/v2\/product"}],"about":[{"href":"https:\/\/www.pipety.eu\/index.php?rest_route=\/wp\/v2\/types\/product"}],"replies":[{"embeddable":true,"href":"https:\/\/www.pipety.eu\/index.php?rest_route=%2Fwp%2Fv2%2Fcomments&post=582"}],"wp:featuredmedia":[{"embeddable":true,"href":"https:\/\/www.pipety.eu\/index.php?rest_route=\/wp\/v2\/media\/586"}],"wp:attachment":[{"href":"https:\/\/www.pipety.eu\/index.php?rest_route=%2Fwp%2Fv2%2Fmedia&parent=582"}],"curies":[{"name":"wp","href":"https:\/\/api.w.org\/{rel}","templated":true}]}}