{"id":575,"date":"2021-01-04T10:52:21","date_gmt":"2021-01-04T10:52:21","guid":{"rendered":"http:\/\/www.pipety.eu\/?post_type=product&#038;p=575"},"modified":"2022-05-13T08:25:53","modified_gmt":"2022-05-13T08:25:53","slug":"finnpipette-f3-s-variabilnim-objemem-5-50-%c2%b5l-mikro","status":"publish","type":"product","link":"https:\/\/www.pipety.eu\/?product=finnpipette-f3-s-variabilnim-objemem-5-50-%c2%b5l-mikro","title":{"rendered":"Finnpipette F3 s variabiln\u00edm objemem 5-50 \u00b5l mikro"},"content":{"rendered":"<p>Jednokan\u00e1lov\u00e1 pipeta Finnpipette F3 s variabiln\u00edm objemem. U t\u00e9to pipety je nutn\u00e9 pou\u017e\u00edvat mikro \u0161pi\u010dky. Cena pipety je v\u010detn\u011b akreditovan\u00e9 kalibrace.<\/p>\n","protected":false},"excerpt":{"rendered":"<p>Jednokan\u00e1lov\u00e1 pipeta Finnpipette F3 s variabiln\u00edm objemem. U t\u00e9to pipety je nutn\u00e9 pou\u017e\u00edvat mikro \u0161pi\u010dky. Cena pipety je v\u010detn\u011b akreditovan\u00e9 kalibrace.<\/p>\n","protected":false},"featured_media":573,"comment_status":"open","ping_status":"closed","template":"","meta":{"spay_email":""},"_links":{"self":[{"href":"https:\/\/www.pipety.eu\/index.php?rest_route=\/wp\/v2\/product\/575"}],"collection":[{"href":"https:\/\/www.pipety.eu\/index.php?rest_route=\/wp\/v2\/product"}],"about":[{"href":"https:\/\/www.pipety.eu\/index.php?rest_route=\/wp\/v2\/types\/product"}],"replies":[{"embeddable":true,"href":"https:\/\/www.pipety.eu\/index.php?rest_route=%2Fwp%2Fv2%2Fcomments&post=575"}],"wp:featuredmedia":[{"embeddable":true,"href":"https:\/\/www.pipety.eu\/index.php?rest_route=\/wp\/v2\/media\/573"}],"wp:attachment":[{"href":"https:\/\/www.pipety.eu\/index.php?rest_route=%2Fwp%2Fv2%2Fmedia&parent=575"}],"curies":[{"name":"wp","href":"https:\/\/api.w.org\/{rel}","templated":true}]}}