{"id":498,"date":"2021-01-03T16:38:17","date_gmt":"2021-01-03T16:38:17","guid":{"rendered":"http:\/\/www.pipety.eu\/?post_type=product&#038;p=498"},"modified":"2026-04-01T06:57:55","modified_gmt":"2026-04-01T06:57:55","slug":"finnpipette-f2-s-fixnim-objemem-5-ml","status":"publish","type":"product","link":"https:\/\/www.pipety.eu\/?product=finnpipette-f2-s-fixnim-objemem-5-ml","title":{"rendered":"Finnpipette F2 s fixn\u00edm objemem 5 ml"},"content":{"rendered":"<p>Jednokan\u00e1lov\u00e1 pipeta Finnpipette F2 s fixn\u00edm objemem. Makro pipeta. Doporu\u010dujeme koupit i origin\u00e1ln\u00ed \u0161pi\u010dky. U makro pipet jsou k\u00f3nusy pipet v\u011bt\u0161inou origin\u00e1ln\u00ed.<\/p>\n<p>Cena pipety je v\u010detn\u011b akreditovan\u00e9 kalibrace.<\/p>\n","protected":false},"excerpt":{"rendered":"<p>Jednokan\u00e1lov\u00e1 pipeta Finnpipette F2 s fixn\u00edm objemem. Makro pipeta. Doporu\u010dujeme koupit i origin\u00e1ln\u00ed \u0161pi\u010dky. U makro pipet jsou k\u00f3nusy pipet v\u011bt\u0161inou origin\u00e1ln\u00ed. Cena pipety je v\u010detn\u011b akreditovan\u00e9 kalibrace.<\/p>\n","protected":false},"featured_media":496,"comment_status":"open","ping_status":"closed","template":"","meta":{"spay_email":""},"_links":{"self":[{"href":"https:\/\/www.pipety.eu\/index.php?rest_route=\/wp\/v2\/product\/498"}],"collection":[{"href":"https:\/\/www.pipety.eu\/index.php?rest_route=\/wp\/v2\/product"}],"about":[{"href":"https:\/\/www.pipety.eu\/index.php?rest_route=\/wp\/v2\/types\/product"}],"replies":[{"embeddable":true,"href":"https:\/\/www.pipety.eu\/index.php?rest_route=%2Fwp%2Fv2%2Fcomments&post=498"}],"wp:featuredmedia":[{"embeddable":true,"href":"https:\/\/www.pipety.eu\/index.php?rest_route=\/wp\/v2\/media\/496"}],"wp:attachment":[{"href":"https:\/\/www.pipety.eu\/index.php?rest_route=%2Fwp%2Fv2%2Fmedia&parent=498"}],"curies":[{"name":"wp","href":"https:\/\/api.w.org\/{rel}","templated":true}]}}