{"id":424,"date":"2020-12-02T13:48:31","date_gmt":"2020-12-02T13:48:31","guid":{"rendered":"http:\/\/www.pipety.eu\/?post_type=product&#038;p=424"},"modified":"2023-02-01T07:50:58","modified_gmt":"2023-02-01T07:50:58","slug":"eppendorf-research-plus-ivd-pack-3","status":"publish","type":"product","link":"https:\/\/www.pipety.eu\/?product=eppendorf-research-plus-ivd-pack-3","title":{"rendered":"Eppendorf Research Plus (IVD), pack 3"},"content":{"rendered":"<p>Pack 3 pipet Eppendorf Research Plus: 100-1000 \u00b5l, 0.5-5 a 1-10 ml.<\/p>\n<p>Cena pipet je v\u010detn\u011b akreditovan\u00e9 kalibrace.<\/p>\n","protected":false},"excerpt":{"rendered":"<p>Pack 3 pipet Eppendorf Research Plus: 100-1000 \u00b5l, 0.5-5 a 1-10 ml. Cena pipet je v\u010detn\u011b akreditovan\u00e9 kalibrace.<\/p>\n","protected":false},"featured_media":365,"comment_status":"open","ping_status":"closed","template":"","meta":{"spay_email":""},"_links":{"self":[{"href":"https:\/\/www.pipety.eu\/index.php?rest_route=\/wp\/v2\/product\/424"}],"collection":[{"href":"https:\/\/www.pipety.eu\/index.php?rest_route=\/wp\/v2\/product"}],"about":[{"href":"https:\/\/www.pipety.eu\/index.php?rest_route=\/wp\/v2\/types\/product"}],"replies":[{"embeddable":true,"href":"https:\/\/www.pipety.eu\/index.php?rest_route=%2Fwp%2Fv2%2Fcomments&post=424"}],"wp:featuredmedia":[{"embeddable":true,"href":"https:\/\/www.pipety.eu\/index.php?rest_route=\/wp\/v2\/media\/365"}],"wp:attachment":[{"href":"https:\/\/www.pipety.eu\/index.php?rest_route=%2Fwp%2Fv2%2Fmedia&parent=424"}],"curies":[{"name":"wp","href":"https:\/\/api.w.org\/{rel}","templated":true}]}}