{"id":423,"date":"2020-12-02T13:47:02","date_gmt":"2020-12-02T13:47:02","guid":{"rendered":"http:\/\/www.pipety.eu\/?post_type=product&#038;p=423"},"modified":"2023-02-01T07:50:58","modified_gmt":"2023-02-01T07:50:58","slug":"eppendorf-research-plus-ivd-pack-2","status":"publish","type":"product","link":"https:\/\/www.pipety.eu\/?product=eppendorf-research-plus-ivd-pack-2","title":{"rendered":"Eppendorf Research Plus (IVD), pack 2"},"content":{"rendered":"<p>Pack 3 pipet Eppendorf Research Plus: 2-20, 20-200 a 100-1000 \u00b5l.<\/p>\n<p>Cena pipet je v\u010detn\u011b akreditovan\u00e9 kalibrace.<\/p>\n","protected":false},"excerpt":{"rendered":"<p>Pack 3 pipet Eppendorf Research Plus: 2-20, 20-200 a 100-1000 \u00b5l. Cena pipet je v\u010detn\u011b akreditovan\u00e9 kalibrace.<\/p>\n","protected":false},"featured_media":365,"comment_status":"open","ping_status":"closed","template":"","meta":{"spay_email":""},"_links":{"self":[{"href":"https:\/\/www.pipety.eu\/index.php?rest_route=\/wp\/v2\/product\/423"}],"collection":[{"href":"https:\/\/www.pipety.eu\/index.php?rest_route=\/wp\/v2\/product"}],"about":[{"href":"https:\/\/www.pipety.eu\/index.php?rest_route=\/wp\/v2\/types\/product"}],"replies":[{"embeddable":true,"href":"https:\/\/www.pipety.eu\/index.php?rest_route=%2Fwp%2Fv2%2Fcomments&post=423"}],"wp:featuredmedia":[{"embeddable":true,"href":"https:\/\/www.pipety.eu\/index.php?rest_route=\/wp\/v2\/media\/365"}],"wp:attachment":[{"href":"https:\/\/www.pipety.eu\/index.php?rest_route=%2Fwp%2Fv2%2Fmedia&parent=423"}],"curies":[{"name":"wp","href":"https:\/\/api.w.org\/{rel}","templated":true}]}}