{"id":415,"date":"2020-12-02T13:33:02","date_gmt":"2020-12-02T13:33:02","guid":{"rendered":"http:\/\/www.pipety.eu\/?post_type=product&#038;p=415"},"modified":"2024-09-20T08:35:23","modified_gmt":"2024-09-20T08:35:23","slug":"eppendorf-reseach-plus-ivd-variabilni-2-20-%c2%b5l","status":"publish","type":"product","link":"https:\/\/www.pipety.eu\/?product=eppendorf-reseach-plus-ivd-variabilni-2-20-%c2%b5l","title":{"rendered":"Eppendorf Reseach Plus (IVD), variabiln\u00ed, 2-20 \u00b5l"},"content":{"rendered":"<p>Jednokan\u00e1lov\u00e1 pipeta Eppendorf Research Plus (IVD) s variabiln\u00edm objemem 2-20 \u00b5l. \u017dlut\u00e1.<\/p>\n<p>Cena pipeta je v\u010detn\u011b akreditovan\u00e9 kalibrace.<\/p>\n","protected":false},"excerpt":{"rendered":"<p>Jednokan\u00e1lov\u00e1 pipeta Eppendorf Research Plus (IVD) s variabiln\u00edm objemem 2-20 \u00b5l. \u017dlut\u00e1. Cena pipeta je v\u010detn\u011b akreditovan\u00e9 kalibrace.<\/p>\n","protected":false},"featured_media":350,"comment_status":"open","ping_status":"closed","template":"","meta":{"spay_email":""},"_links":{"self":[{"href":"https:\/\/www.pipety.eu\/index.php?rest_route=\/wp\/v2\/product\/415"}],"collection":[{"href":"https:\/\/www.pipety.eu\/index.php?rest_route=\/wp\/v2\/product"}],"about":[{"href":"https:\/\/www.pipety.eu\/index.php?rest_route=\/wp\/v2\/types\/product"}],"replies":[{"embeddable":true,"href":"https:\/\/www.pipety.eu\/index.php?rest_route=%2Fwp%2Fv2%2Fcomments&post=415"}],"wp:featuredmedia":[{"embeddable":true,"href":"https:\/\/www.pipety.eu\/index.php?rest_route=\/wp\/v2\/media\/350"}],"wp:attachment":[{"href":"https:\/\/www.pipety.eu\/index.php?rest_route=%2Fwp%2Fv2%2Fmedia&parent=415"}],"curies":[{"name":"wp","href":"https:\/\/api.w.org\/{rel}","templated":true}]}}