{"id":413,"date":"2020-12-02T13:29:46","date_gmt":"2020-12-02T13:29:46","guid":{"rendered":"http:\/\/www.pipety.eu\/?post_type=product&#038;p=413"},"modified":"2024-09-20T08:35:22","modified_gmt":"2024-09-20T08:35:22","slug":"eppendorf-research-plus-ivd-variabilni-0-5-10-%c2%b5l","status":"publish","type":"product","link":"https:\/\/www.pipety.eu\/?product=eppendorf-research-plus-ivd-variabilni-0-5-10-%c2%b5l","title":{"rendered":"Eppendorf Research Plus (IVD), variabiln\u00ed, 0.5-10 \u00b5l"},"content":{"rendered":"<p>Jednokan\u00e1lov\u00e1 pipeta Eppendorf Research Plus (IVD) s variabiln\u00edm objemem 0,1-2,5 \u00b5l.<\/p>\n<p>Cena pipeta je v\u010detn\u011b akreditovan\u00e9 kalibrace.<\/p>\n","protected":false},"excerpt":{"rendered":"<p>Jednokan\u00e1lov\u00e1 pipeta Eppendorf Research Plus (IVD) s variabiln\u00edm objemem 0,1-2,5 \u00b5l. Cena pipeta je v\u010detn\u011b akreditovan\u00e9 kalibrace.<\/p>\n","protected":false},"featured_media":348,"comment_status":"open","ping_status":"closed","template":"","meta":{"spay_email":""},"_links":{"self":[{"href":"https:\/\/www.pipety.eu\/index.php?rest_route=\/wp\/v2\/product\/413"}],"collection":[{"href":"https:\/\/www.pipety.eu\/index.php?rest_route=\/wp\/v2\/product"}],"about":[{"href":"https:\/\/www.pipety.eu\/index.php?rest_route=\/wp\/v2\/types\/product"}],"replies":[{"embeddable":true,"href":"https:\/\/www.pipety.eu\/index.php?rest_route=%2Fwp%2Fv2%2Fcomments&post=413"}],"wp:featuredmedia":[{"embeddable":true,"href":"https:\/\/www.pipety.eu\/index.php?rest_route=\/wp\/v2\/media\/348"}],"wp:attachment":[{"href":"https:\/\/www.pipety.eu\/index.php?rest_route=%2Fwp%2Fv2%2Fmedia&parent=413"}],"curies":[{"name":"wp","href":"https:\/\/api.w.org\/{rel}","templated":true}]}}