{"id":393,"date":"2020-12-01T20:05:06","date_gmt":"2020-12-01T20:05:06","guid":{"rendered":"http:\/\/www.pipety.eu\/?post_type=product&#038;p=393"},"modified":"2024-09-20T08:36:29","modified_gmt":"2024-09-20T08:36:29","slug":"eppendorf-research-plus-ivd-fixni-25-%c2%b5l","status":"publish","type":"product","link":"https:\/\/www.pipety.eu\/?product=eppendorf-research-plus-ivd-fixni-25-%c2%b5l","title":{"rendered":"Eppendorf Research Plus (IVD), fixn\u00ed, 25 \u00b5l"},"content":{"rendered":"<p>Jednokan\u00e1lov\u00e1 pipeta Eppendorf Research Plus s fixn\u00edm objemem 25 \u00b5l.<\/p>\n<p>Cena pipety je v\u010detn\u011b akreditovan\u00e9 kalibrace.<\/p>\n","protected":false},"excerpt":{"rendered":"<p>Jednokan\u00e1lov\u00e1 pipeta Eppendorf Research Plus s fixn\u00edm objemem 25 \u00b5l. Cena pipety je v\u010detn\u011b akreditovan\u00e9 kalibrace.<\/p>\n","protected":false},"featured_media":350,"comment_status":"open","ping_status":"closed","template":"","meta":{"spay_email":""},"_links":{"self":[{"href":"https:\/\/www.pipety.eu\/index.php?rest_route=\/wp\/v2\/product\/393"}],"collection":[{"href":"https:\/\/www.pipety.eu\/index.php?rest_route=\/wp\/v2\/product"}],"about":[{"href":"https:\/\/www.pipety.eu\/index.php?rest_route=\/wp\/v2\/types\/product"}],"replies":[{"embeddable":true,"href":"https:\/\/www.pipety.eu\/index.php?rest_route=%2Fwp%2Fv2%2Fcomments&post=393"}],"wp:featuredmedia":[{"embeddable":true,"href":"https:\/\/www.pipety.eu\/index.php?rest_route=\/wp\/v2\/media\/350"}],"wp:attachment":[{"href":"https:\/\/www.pipety.eu\/index.php?rest_route=%2Fwp%2Fv2%2Fmedia&parent=393"}],"curies":[{"name":"wp","href":"https:\/\/api.w.org\/{rel}","templated":true}]}}