{"id":2059,"date":"2022-04-01T07:45:21","date_gmt":"2022-04-01T07:45:21","guid":{"rendered":"http:\/\/www.pipety.eu\/?post_type=product&#038;p=2059"},"modified":"2022-04-05T11:24:55","modified_gmt":"2022-04-05T11:24:55","slug":"gilson-pipetman-g200-20-200-%c2%b5l-plastovy-vyhazovac","status":"publish","type":"product","link":"https:\/\/www.pipety.eu\/?product=gilson-pipetman-g200-20-200-%c2%b5l-plastovy-vyhazovac","title":{"rendered":"Gilson Pipetman G200, 20-200 \u00b5l, plastov\u00fd vyhazova\u010d"},"content":{"rendered":"<p>1-kan\u00e1lov\u00e1 pipeta Gilson Pipetman G o objemu 20-200 \u00b5l. Pipeta je osazena plastov\u00fdm vyhazova\u010dem. Cena pipety je v\u010detn\u011b akreditovan\u00e9 kalibrace.<\/p>\n","protected":false},"excerpt":{"rendered":"<p>1-kan\u00e1lov\u00e1 pipeta Gilson Pipetman G o objemu 20-200 \u00b5l. Pipeta je osazena plastov\u00fdm vyhazova\u010dem. Cena pipety je v\u010detn\u011b akreditovan\u00e9 kalibrace.<\/p>\n","protected":false},"featured_media":2056,"comment_status":"open","ping_status":"closed","template":"","meta":{"spay_email":""},"_links":{"self":[{"href":"https:\/\/www.pipety.eu\/index.php?rest_route=\/wp\/v2\/product\/2059"}],"collection":[{"href":"https:\/\/www.pipety.eu\/index.php?rest_route=\/wp\/v2\/product"}],"about":[{"href":"https:\/\/www.pipety.eu\/index.php?rest_route=\/wp\/v2\/types\/product"}],"replies":[{"embeddable":true,"href":"https:\/\/www.pipety.eu\/index.php?rest_route=%2Fwp%2Fv2%2Fcomments&post=2059"}],"wp:featuredmedia":[{"embeddable":true,"href":"https:\/\/www.pipety.eu\/index.php?rest_route=\/wp\/v2\/media\/2056"}],"wp:attachment":[{"href":"https:\/\/www.pipety.eu\/index.php?rest_route=%2Fwp%2Fv2%2Fmedia&parent=2059"}],"curies":[{"name":"wp","href":"https:\/\/api.w.org\/{rel}","templated":true}]}}