{"id":2050,"date":"2022-04-01T07:37:52","date_gmt":"2022-04-01T07:37:52","guid":{"rendered":"http:\/\/www.pipety.eu\/?post_type=product&#038;p=2050"},"modified":"2022-04-05T11:24:55","modified_gmt":"2022-04-05T11:24:55","slug":"gilson-pipetman-g1000-100-1000-%c2%b5l-kovovy-vyhazovac","status":"publish","type":"product","link":"https:\/\/www.pipety.eu\/?product=gilson-pipetman-g1000-100-1000-%c2%b5l-kovovy-vyhazovac","title":{"rendered":"Gilson Pipetman G1000, 100-1000 \u00b5l, kovov\u00fd vyhazova\u010d"},"content":{"rendered":"<p>1-kan\u00e1lov\u00e1 pipeta Gilson Pipetman G o objemu 100-1000 \u00b5l. Pipeta je osazena kovov\u00fdm vyhazova\u010dem. Cena pipety je v\u010detn\u011b akreditovan\u00e9 kalibrace.<\/p>\n","protected":false},"excerpt":{"rendered":"<p>1-kan\u00e1lov\u00e1 pipeta Gilson Pipetman G o objemu 100-1000 \u00b5l. Pipeta je osazena kovov\u00fdm vyhazova\u010dem. Cena pipety je v\u010detn\u011b akreditovan\u00e9 kalibrace.<\/p>\n","protected":false},"featured_media":2045,"comment_status":"open","ping_status":"closed","template":"","meta":{"spay_email":""},"_links":{"self":[{"href":"https:\/\/www.pipety.eu\/index.php?rest_route=\/wp\/v2\/product\/2050"}],"collection":[{"href":"https:\/\/www.pipety.eu\/index.php?rest_route=\/wp\/v2\/product"}],"about":[{"href":"https:\/\/www.pipety.eu\/index.php?rest_route=\/wp\/v2\/types\/product"}],"replies":[{"embeddable":true,"href":"https:\/\/www.pipety.eu\/index.php?rest_route=%2Fwp%2Fv2%2Fcomments&post=2050"}],"wp:featuredmedia":[{"embeddable":true,"href":"https:\/\/www.pipety.eu\/index.php?rest_route=\/wp\/v2\/media\/2045"}],"wp:attachment":[{"href":"https:\/\/www.pipety.eu\/index.php?rest_route=%2Fwp%2Fv2%2Fmedia&parent=2050"}],"curies":[{"name":"wp","href":"https:\/\/api.w.org\/{rel}","templated":true}]}}