{"id":2044,"date":"2022-04-01T07:31:25","date_gmt":"2022-04-01T07:31:25","guid":{"rendered":"http:\/\/www.pipety.eu\/?post_type=product&#038;p=2044"},"modified":"2025-05-27T20:05:08","modified_gmt":"2025-05-27T20:05:08","slug":"gilson-pipetman-g2-01-2-%c2%b5l-kovovy-vyhazovac","status":"publish","type":"product","link":"https:\/\/www.pipety.eu\/?product=gilson-pipetman-g2-01-2-%c2%b5l-kovovy-vyhazovac","title":{"rendered":"Gilson Pipetman G2, 0,1-2 \u00b5l, kovov\u00fd vyhazova\u010d"},"content":{"rendered":"<p>1-kan\u00e1lov\u00e1 pipeta Gilson Pipetman G o objemu 0,1-2 \u00b5l. Pipeta je osazena kovov\u00fdm vyhazova\u010dem. Cena pipety je v\u010detn\u011b akreditovan\u00e9 kalibrace.<\/p>\n","protected":false},"excerpt":{"rendered":"<p>1-kan\u00e1lov\u00e1 pipeta Gilson Pipetman G o objemu 0,1-2 \u00b5l. Pipeta je osazena kovov\u00fdm vyhazova\u010dem. Cena pipety je v\u010detn\u011b akreditovan\u00e9 kalibrace.<\/p>\n","protected":false},"featured_media":2045,"comment_status":"open","ping_status":"closed","template":"","meta":{"spay_email":""},"_links":{"self":[{"href":"https:\/\/www.pipety.eu\/index.php?rest_route=\/wp\/v2\/product\/2044"}],"collection":[{"href":"https:\/\/www.pipety.eu\/index.php?rest_route=\/wp\/v2\/product"}],"about":[{"href":"https:\/\/www.pipety.eu\/index.php?rest_route=\/wp\/v2\/types\/product"}],"replies":[{"embeddable":true,"href":"https:\/\/www.pipety.eu\/index.php?rest_route=%2Fwp%2Fv2%2Fcomments&post=2044"}],"wp:featuredmedia":[{"embeddable":true,"href":"https:\/\/www.pipety.eu\/index.php?rest_route=\/wp\/v2\/media\/2045"}],"wp:attachment":[{"href":"https:\/\/www.pipety.eu\/index.php?rest_route=%2Fwp%2Fv2%2Fmedia&parent=2044"}],"curies":[{"name":"wp","href":"https:\/\/api.w.org\/{rel}","templated":true}]}}