{"id":2028,"date":"2022-04-01T06:19:52","date_gmt":"2022-04-01T06:19:52","guid":{"rendered":"http:\/\/www.pipety.eu\/?post_type=product&#038;p=2028"},"modified":"2025-11-24T13:27:28","modified_gmt":"2025-11-24T13:27:28","slug":"eppendorf-research-plus-ivd-8-kanalova-120-1200-%c2%b5l","status":"publish","type":"product","link":"https:\/\/www.pipety.eu\/?product=eppendorf-research-plus-ivd-8-kanalova-120-1200-%c2%b5l","title":{"rendered":"Eppendorf Research Plus (IVD), 8 kan\u00e1lov\u00e1, 120-1200 \u00b5l"},"content":{"rendered":"<p>8 kan\u00e1lov\u00e1 pipeta Eppendorf Research Plus (IVD) s variabiln\u00edm objemem 120-1200 \u00b5l.<\/p>\n<p>Cena pipety je v\u010detn\u011b akreditovan\u00e9 kalibrace.<\/p>\n","protected":false},"excerpt":{"rendered":"<p>8 kan\u00e1lov\u00e1 pipeta Eppendorf Research Plus (IVD) s variabiln\u00edm objemem 120-1200 \u00b5l. Cena pipety je v\u010detn\u011b akreditovan\u00e9 kalibrace.<\/p>\n","protected":false},"featured_media":434,"comment_status":"open","ping_status":"closed","template":"","meta":{"spay_email":""},"_links":{"self":[{"href":"https:\/\/www.pipety.eu\/index.php?rest_route=\/wp\/v2\/product\/2028"}],"collection":[{"href":"https:\/\/www.pipety.eu\/index.php?rest_route=\/wp\/v2\/product"}],"about":[{"href":"https:\/\/www.pipety.eu\/index.php?rest_route=\/wp\/v2\/types\/product"}],"replies":[{"embeddable":true,"href":"https:\/\/www.pipety.eu\/index.php?rest_route=%2Fwp%2Fv2%2Fcomments&post=2028"}],"wp:featuredmedia":[{"embeddable":true,"href":"https:\/\/www.pipety.eu\/index.php?rest_route=\/wp\/v2\/media\/434"}],"wp:attachment":[{"href":"https:\/\/www.pipety.eu\/index.php?rest_route=%2Fwp%2Fv2%2Fmedia&parent=2028"}],"curies":[{"name":"wp","href":"https:\/\/api.w.org\/{rel}","templated":true}]}}