{"id":1892,"date":"2022-03-08T06:52:11","date_gmt":"2022-03-08T06:52:11","guid":{"rendered":"http:\/\/www.pipety.eu\/?post_type=product&#038;p=1892"},"modified":"2022-03-08T07:43:15","modified_gmt":"2022-03-08T07:43:15","slug":"accumax-fab-12-kanalova-s-objemem-5-50-%c2%b5l","status":"publish","type":"product","link":"https:\/\/www.pipety.eu\/?product=accumax-fab-12-kanalova-s-objemem-5-50-%c2%b5l","title":{"rendered":"Accumax FAB 12-kan\u00e1lov\u00e1 s objemem 5-50 \u00b5l"},"content":{"rendered":"<p>12-kan\u00e1lov\u00e1 pipeta s variabiln\u00edm objemem 5-50 \u00b5l. Hroty pipety jsou odpru\u017eeny, nasazov\u00e1n\u00ed \u0161pi\u010dek je velice komfortn\u00ed. V\u0161echny vnit\u0159n\u00ed \u010d\u00e1sti jsou vyrobeny z kvalitn\u00edch materi\u00e1l\u016f, kter\u00e9 jsou resistentn\u00ed proti v\u011bt\u0161in\u011b agresivn\u00edch l\u00e1tek. Spodn\u00ed \u010d\u00e1st pipety je mo\u017en\u00e9 jednodu\u0161e odd\u011blit od t\u011bla pipety, t\u00edm je zjednodu\u0161ena \u00fadr\u017eba. Pipeta je kompatibiln\u00ed s v\u011bt\u0161inou laboratorn\u00edch \u0161pi\u010dek.<\/p>\n","protected":false},"excerpt":{"rendered":"<p>12-kan\u00e1lov\u00e1 pipeta s variabiln\u00edm objemem 5-50 \u00b5l. Hroty pipety jsou odpru\u017eeny, nasazov\u00e1n\u00ed \u0161pi\u010dek je velice komfortn\u00ed. V\u0161echny vnit\u0159n\u00ed \u010d\u00e1sti jsou vyrobeny z kvalitn\u00edch materi\u00e1l\u016f, kter\u00e9 jsou resistentn\u00ed proti v\u011bt\u0161in\u011b agresivn\u00edch l\u00e1tek. Spodn\u00ed \u010d\u00e1st pipety je mo\u017en\u00e9 jednodu\u0161e odd\u011blit od t\u011bla pipety, t\u00edm je zjednodu\u0161ena \u00fadr\u017eba. Pipeta je kompatibiln\u00ed s v\u011bt\u0161inou&hellip; <\/p>\n","protected":false},"featured_media":1884,"comment_status":"open","ping_status":"closed","template":"","meta":{"spay_email":""},"_links":{"self":[{"href":"https:\/\/www.pipety.eu\/index.php?rest_route=\/wp\/v2\/product\/1892"}],"collection":[{"href":"https:\/\/www.pipety.eu\/index.php?rest_route=\/wp\/v2\/product"}],"about":[{"href":"https:\/\/www.pipety.eu\/index.php?rest_route=\/wp\/v2\/types\/product"}],"replies":[{"embeddable":true,"href":"https:\/\/www.pipety.eu\/index.php?rest_route=%2Fwp%2Fv2%2Fcomments&post=1892"}],"wp:featuredmedia":[{"embeddable":true,"href":"https:\/\/www.pipety.eu\/index.php?rest_route=\/wp\/v2\/media\/1884"}],"wp:attachment":[{"href":"https:\/\/www.pipety.eu\/index.php?rest_route=%2Fwp%2Fv2%2Fmedia&parent=1892"}],"curies":[{"name":"wp","href":"https:\/\/api.w.org\/{rel}","templated":true}]}}