{"id":1866,"date":"2022-03-07T14:59:21","date_gmt":"2022-03-07T14:59:21","guid":{"rendered":"http:\/\/www.pipety.eu\/?post_type=product&#038;p=1866"},"modified":"2025-05-27T18:20:55","modified_gmt":"2025-05-27T18:20:55","slug":"accumax-fab-s-fixnim-objemem-200-%c2%b5l","status":"publish","type":"product","link":"https:\/\/www.pipety.eu\/?product=accumax-fab-s-fixnim-objemem-200-%c2%b5l","title":{"rendered":"Accumax FAB s fixn\u00edm objemem 200 \u00b5l"},"content":{"rendered":"<p>1-kan\u00e1lov\u00e1 pipeta s fixn\u00edm objemem 200 \u00b5l. Sou\u010d\u00e1st\u00ed pipety je i akreditovan\u00e1 kalibrace.<\/p>\n","protected":false},"excerpt":{"rendered":"<p>1-kan\u00e1lov\u00e1 pipeta s fixn\u00edm objemem 200 \u00b5l. Sou\u010d\u00e1st\u00ed pipety je i akreditovan\u00e1 kalibrace.<\/p>\n","protected":false},"featured_media":1859,"comment_status":"open","ping_status":"closed","template":"","meta":{"spay_email":""},"_links":{"self":[{"href":"https:\/\/www.pipety.eu\/index.php?rest_route=\/wp\/v2\/product\/1866"}],"collection":[{"href":"https:\/\/www.pipety.eu\/index.php?rest_route=\/wp\/v2\/product"}],"about":[{"href":"https:\/\/www.pipety.eu\/index.php?rest_route=\/wp\/v2\/types\/product"}],"replies":[{"embeddable":true,"href":"https:\/\/www.pipety.eu\/index.php?rest_route=%2Fwp%2Fv2%2Fcomments&post=1866"}],"wp:featuredmedia":[{"embeddable":true,"href":"https:\/\/www.pipety.eu\/index.php?rest_route=\/wp\/v2\/media\/1859"}],"wp:attachment":[{"href":"https:\/\/www.pipety.eu\/index.php?rest_route=%2Fwp%2Fv2%2Fmedia&parent=1866"}],"curies":[{"name":"wp","href":"https:\/\/api.w.org\/{rel}","templated":true}]}}