{"id":1572,"date":"2021-09-06T12:00:45","date_gmt":"2021-09-06T12:00:45","guid":{"rendered":"http:\/\/www.pipety.eu\/?post_type=product&#038;p=1572"},"modified":"2023-02-01T07:57:20","modified_gmt":"2023-02-01T07:57:20","slug":"brand-12-kanalova-pipeta-s-objemem-20-200%c2%b5l","status":"publish","type":"product","link":"https:\/\/www.pipety.eu\/?product=brand-12-kanalova-pipeta-s-objemem-20-200%c2%b5l","title":{"rendered":"Brand 12 kan\u00e1lov\u00e1 pipeta s objemem 20-200\u00b5l"},"content":{"rendered":"<p>12-kan\u00e1lov\u00e1 pipeta s variabiln\u00edm objemem Brand Transferpette S s objemem 20-200\u00b5l. K t\u00e9to pipet\u011b je akreditovan\u00e1 kalibrace zdarma.<\/p>\n","protected":false},"excerpt":{"rendered":"<p>12-kan\u00e1lov\u00e1 pipeta s variabiln\u00edm objemem Brand Transferpette S s objemem 20-200\u00b5l. K t\u00e9to pipet\u011b je akreditovan\u00e1 kalibrace zdarma.<\/p>\n","protected":false},"featured_media":1569,"comment_status":"open","ping_status":"closed","template":"","meta":{"spay_email":""},"_links":{"self":[{"href":"https:\/\/www.pipety.eu\/index.php?rest_route=\/wp\/v2\/product\/1572"}],"collection":[{"href":"https:\/\/www.pipety.eu\/index.php?rest_route=\/wp\/v2\/product"}],"about":[{"href":"https:\/\/www.pipety.eu\/index.php?rest_route=\/wp\/v2\/types\/product"}],"replies":[{"embeddable":true,"href":"https:\/\/www.pipety.eu\/index.php?rest_route=%2Fwp%2Fv2%2Fcomments&post=1572"}],"wp:featuredmedia":[{"embeddable":true,"href":"https:\/\/www.pipety.eu\/index.php?rest_route=\/wp\/v2\/media\/1569"}],"wp:attachment":[{"href":"https:\/\/www.pipety.eu\/index.php?rest_route=%2Fwp%2Fv2%2Fmedia&parent=1572"}],"curies":[{"name":"wp","href":"https:\/\/api.w.org\/{rel}","templated":true}]}}