{"id":1563,"date":"2021-09-06T11:34:25","date_gmt":"2021-09-06T11:34:25","guid":{"rendered":"http:\/\/www.pipety.eu\/?post_type=product&#038;p=1563"},"modified":"2025-05-27T03:50:20","modified_gmt":"2025-05-27T03:50:20","slug":"brand-8-kanalova-s-objemem-5-50%c2%b5l","status":"publish","type":"product","link":"https:\/\/www.pipety.eu\/?product=brand-8-kanalova-s-objemem-5-50%c2%b5l","title":{"rendered":"Brand 8 kan\u00e1lov\u00e1 pipeta s objemem 5-50\u00b5l"},"content":{"rendered":"<p>8-kan\u00e1lov\u00e1 pipeta Brand Transferpette S s objemem 5-50\u00b5l. K t\u00e9to pipet\u011b je akreditovan\u00e1 kalibrace zdarma.<\/p>\n","protected":false},"excerpt":{"rendered":"<p>8-kan\u00e1lov\u00e1 pipeta Brand Transferpette S s objemem 5-50\u00b5l. K t\u00e9to pipet\u011b je akreditovan\u00e1 kalibrace zdarma.<\/p>\n","protected":false},"featured_media":1562,"comment_status":"open","ping_status":"closed","template":"","meta":{"spay_email":""},"_links":{"self":[{"href":"https:\/\/www.pipety.eu\/index.php?rest_route=\/wp\/v2\/product\/1563"}],"collection":[{"href":"https:\/\/www.pipety.eu\/index.php?rest_route=\/wp\/v2\/product"}],"about":[{"href":"https:\/\/www.pipety.eu\/index.php?rest_route=\/wp\/v2\/types\/product"}],"replies":[{"embeddable":true,"href":"https:\/\/www.pipety.eu\/index.php?rest_route=%2Fwp%2Fv2%2Fcomments&post=1563"}],"wp:featuredmedia":[{"embeddable":true,"href":"https:\/\/www.pipety.eu\/index.php?rest_route=\/wp\/v2\/media\/1562"}],"wp:attachment":[{"href":"https:\/\/www.pipety.eu\/index.php?rest_route=%2Fwp%2Fv2%2Fmedia&parent=1563"}],"curies":[{"name":"wp","href":"https:\/\/api.w.org\/{rel}","templated":true}]}}