{"id":1561,"date":"2021-09-06T11:33:31","date_gmt":"2021-09-06T11:33:31","guid":{"rendered":"http:\/\/www.pipety.eu\/?post_type=product&#038;p=1561"},"modified":"2024-11-04T21:31:07","modified_gmt":"2024-11-04T21:31:07","slug":"brand-8-kanalova-pipeta-s-objemem-05-10%c2%b5l","status":"publish","type":"product","link":"https:\/\/www.pipety.eu\/?product=brand-8-kanalova-pipeta-s-objemem-05-10%c2%b5l","title":{"rendered":"Brand 8 kan\u00e1lov\u00e1 pipeta s objemem 0,5-10\u00b5l"},"content":{"rendered":"<p>8-kan\u00e1lov\u00e1 pipeta Brand Transferpette S s objemem 0,5-10\u00b5l. K t\u00e9to pipet\u011b je akreditovan\u00e1 kalibrace zdarma.<\/p>\n","protected":false},"excerpt":{"rendered":"<p>8-kan\u00e1lov\u00e1 pipeta Brand Transferpette S s objemem 0,5-10\u00b5l. K t\u00e9to pipet\u011b je akreditovan\u00e1 kalibrace zdarma.<\/p>\n","protected":false},"featured_media":1562,"comment_status":"open","ping_status":"closed","template":"","meta":{"spay_email":""},"_links":{"self":[{"href":"https:\/\/www.pipety.eu\/index.php?rest_route=\/wp\/v2\/product\/1561"}],"collection":[{"href":"https:\/\/www.pipety.eu\/index.php?rest_route=\/wp\/v2\/product"}],"about":[{"href":"https:\/\/www.pipety.eu\/index.php?rest_route=\/wp\/v2\/types\/product"}],"replies":[{"embeddable":true,"href":"https:\/\/www.pipety.eu\/index.php?rest_route=%2Fwp%2Fv2%2Fcomments&post=1561"}],"wp:featuredmedia":[{"embeddable":true,"href":"https:\/\/www.pipety.eu\/index.php?rest_route=\/wp\/v2\/media\/1562"}],"wp:attachment":[{"href":"https:\/\/www.pipety.eu\/index.php?rest_route=%2Fwp%2Fv2%2Fmedia&parent=1561"}],"curies":[{"name":"wp","href":"https:\/\/api.w.org\/{rel}","templated":true}]}}