{"id":149,"date":"2020-11-26T14:24:32","date_gmt":"2020-11-26T14:24:32","guid":{"rendered":"http:\/\/www.pipety.eu\/?post_type=product&#038;p=149"},"modified":"2023-04-26T09:55:18","modified_gmt":"2023-04-26T09:55:18","slug":"pipeta-finnpipette-f1-12-kanalova-objem-10-100-%c2%b5l","status":"publish","type":"product","link":"https:\/\/www.pipety.eu\/?product=pipeta-finnpipette-f1-12-kanalova-objem-10-100-%c2%b5l","title":{"rendered":"Pipeta Finnpipette F1, 12-kan\u00e1lov\u00e1, objem 10-100 \u00b5l"},"content":{"rendered":"<p>12-kan\u00e1lov\u00e1 pipeta Finnpipette F1. Variabiln\u00ed objem 10-100 \u00b5l.<\/p>\n<p>Cena pipeta je v\u010detn\u011b akreditovan\u00e9 kalibrace!<\/p>\n","protected":false},"excerpt":{"rendered":"<p>12-kan\u00e1lov\u00e1 pipeta Finnpipette F1. Variabiln\u00ed objem 10-100 \u00b5l. Cena pipeta je v\u010detn\u011b akreditovan\u00e9 kalibrace!<\/p>\n","protected":false},"featured_media":145,"comment_status":"open","ping_status":"closed","template":"","meta":{"spay_email":""},"_links":{"self":[{"href":"https:\/\/www.pipety.eu\/index.php?rest_route=\/wp\/v2\/product\/149"}],"collection":[{"href":"https:\/\/www.pipety.eu\/index.php?rest_route=\/wp\/v2\/product"}],"about":[{"href":"https:\/\/www.pipety.eu\/index.php?rest_route=\/wp\/v2\/types\/product"}],"replies":[{"embeddable":true,"href":"https:\/\/www.pipety.eu\/index.php?rest_route=%2Fwp%2Fv2%2Fcomments&post=149"}],"wp:featuredmedia":[{"embeddable":true,"href":"https:\/\/www.pipety.eu\/index.php?rest_route=\/wp\/v2\/media\/145"}],"wp:attachment":[{"href":"https:\/\/www.pipety.eu\/index.php?rest_route=%2Fwp%2Fv2%2Fmedia&parent=149"}],"curies":[{"name":"wp","href":"https:\/\/api.w.org\/{rel}","templated":true}]}}