{"id":1475,"date":"2021-08-29T11:37:26","date_gmt":"2021-08-29T11:37:26","guid":{"rendered":"http:\/\/www.pipety.eu\/?post_type=product&#038;p=1475"},"modified":"2025-11-28T07:33:03","modified_gmt":"2025-11-28T07:33:03","slug":"socorex-calibrex-1-10-ml","status":"publish","type":"product","link":"https:\/\/www.pipety.eu\/?product=socorex-calibrex-1-10-ml","title":{"rendered":"Socorex Calibrex 1-10 ml"},"content":{"rendered":"<p>D\u00e1vkova\u010d Socorex Calibrex 520, d\u00e1vkovan\u00fd objem od 1 do 10 ml. Sou\u010d\u00e1st\u00ed d\u00e1vkova\u010de je akreditovan\u00e1 kalibrace.<\/p>\n","protected":false},"excerpt":{"rendered":"<p>D\u00e1vkova\u010d Socorex Calibrex 520, d\u00e1vkovan\u00fd objem od 1 do 10 ml. Sou\u010d\u00e1st\u00ed d\u00e1vkova\u010de je akreditovan\u00e1 kalibrace.<\/p>\n","protected":false},"featured_media":1471,"comment_status":"open","ping_status":"closed","template":"","meta":{"spay_email":""},"_links":{"self":[{"href":"https:\/\/www.pipety.eu\/index.php?rest_route=\/wp\/v2\/product\/1475"}],"collection":[{"href":"https:\/\/www.pipety.eu\/index.php?rest_route=\/wp\/v2\/product"}],"about":[{"href":"https:\/\/www.pipety.eu\/index.php?rest_route=\/wp\/v2\/types\/product"}],"replies":[{"embeddable":true,"href":"https:\/\/www.pipety.eu\/index.php?rest_route=%2Fwp%2Fv2%2Fcomments&post=1475"}],"wp:featuredmedia":[{"embeddable":true,"href":"https:\/\/www.pipety.eu\/index.php?rest_route=\/wp\/v2\/media\/1471"}],"wp:attachment":[{"href":"https:\/\/www.pipety.eu\/index.php?rest_route=%2Fwp%2Fv2%2Fmedia&parent=1475"}],"curies":[{"name":"wp","href":"https:\/\/api.w.org\/{rel}","templated":true}]}}