{"id":1473,"date":"2021-08-29T11:35:01","date_gmt":"2021-08-29T11:35:01","guid":{"rendered":"http:\/\/www.pipety.eu\/?post_type=product&#038;p=1473"},"modified":"2025-11-28T07:33:02","modified_gmt":"2025-11-28T07:33:02","slug":"socorex-calibrex-025-2-ml","status":"publish","type":"product","link":"https:\/\/www.pipety.eu\/?product=socorex-calibrex-025-2-ml","title":{"rendered":"Socorex Calibrex 0,25-2 ml"},"content":{"rendered":"<p>D\u00e1vkova\u010d Socorex Calibrex 520, d\u00e1vkovan\u00fd objem od 0,25 do 2 ml. Sou\u010d\u00e1st\u00ed d\u00e1vkova\u010de je akreditovan\u00e1 kalibrace.<\/p>\n","protected":false},"excerpt":{"rendered":"<p>D\u00e1vkova\u010d Socorex Calibrex 520, d\u00e1vkovan\u00fd objem od 0,25 do 2 ml. Sou\u010d\u00e1st\u00ed d\u00e1vkova\u010de je akreditovan\u00e1 kalibrace.<\/p>\n","protected":false},"featured_media":1471,"comment_status":"open","ping_status":"closed","template":"","meta":{"spay_email":""},"_links":{"self":[{"href":"https:\/\/www.pipety.eu\/index.php?rest_route=\/wp\/v2\/product\/1473"}],"collection":[{"href":"https:\/\/www.pipety.eu\/index.php?rest_route=\/wp\/v2\/product"}],"about":[{"href":"https:\/\/www.pipety.eu\/index.php?rest_route=\/wp\/v2\/types\/product"}],"replies":[{"embeddable":true,"href":"https:\/\/www.pipety.eu\/index.php?rest_route=%2Fwp%2Fv2%2Fcomments&post=1473"}],"wp:featuredmedia":[{"embeddable":true,"href":"https:\/\/www.pipety.eu\/index.php?rest_route=\/wp\/v2\/media\/1471"}],"wp:attachment":[{"href":"https:\/\/www.pipety.eu\/index.php?rest_route=%2Fwp%2Fv2%2Fmedia&parent=1473"}],"curies":[{"name":"wp","href":"https:\/\/api.w.org\/{rel}","templated":true}]}}