{"id":138,"date":"2020-11-26T14:16:04","date_gmt":"2020-11-26T14:16:04","guid":{"rendered":"http:\/\/www.pipety.eu\/?post_type=product&#038;p=138"},"modified":"2025-05-26T23:51:53","modified_gmt":"2025-05-26T23:51:53","slug":"pipeta-finnpipette-f1-8-kanalova-1-10-%c2%b5l-mikro","status":"publish","type":"product","link":"https:\/\/www.pipety.eu\/?product=pipeta-finnpipette-f1-8-kanalova-1-10-%c2%b5l-mikro","title":{"rendered":"Pipeta Finnpipette F1, 8-kan\u00e1lov\u00e1, 1-10 \u00b5l mikro"},"content":{"rendered":"<p>8-kan\u00e1lov\u00e1 pipeta Finnpipette F1. Variabiln\u00ed objem 1-10 \u00b5l. Ur\u010dena pro pou\u017eit\u00ed mikro \u0161pi\u010dek.<\/p>\n<p>Cena pipeta je v\u010detn\u011b akreditovan\u00e9 kalibrace!.<\/p>\n<p>&nbsp;<\/p>\n","protected":false},"excerpt":{"rendered":"<p>8-kan\u00e1lov\u00e1 pipeta Finnpipette F1. Variabiln\u00ed objem 1-10 \u00b5l. Ur\u010dena pro pou\u017eit\u00ed mikro \u0161pi\u010dek. Cena pipeta je v\u010detn\u011b akreditovan\u00e9 kalibrace!. &nbsp;<\/p>\n","protected":false},"featured_media":139,"comment_status":"open","ping_status":"closed","template":"","meta":{"spay_email":""},"_links":{"self":[{"href":"https:\/\/www.pipety.eu\/index.php?rest_route=\/wp\/v2\/product\/138"}],"collection":[{"href":"https:\/\/www.pipety.eu\/index.php?rest_route=\/wp\/v2\/product"}],"about":[{"href":"https:\/\/www.pipety.eu\/index.php?rest_route=\/wp\/v2\/types\/product"}],"replies":[{"embeddable":true,"href":"https:\/\/www.pipety.eu\/index.php?rest_route=%2Fwp%2Fv2%2Fcomments&post=138"}],"wp:featuredmedia":[{"embeddable":true,"href":"https:\/\/www.pipety.eu\/index.php?rest_route=\/wp\/v2\/media\/139"}],"wp:attachment":[{"href":"https:\/\/www.pipety.eu\/index.php?rest_route=%2Fwp%2Fv2%2Fmedia&parent=138"}],"curies":[{"name":"wp","href":"https:\/\/api.w.org\/{rel}","templated":true}]}}