{"id":1062,"date":"2021-03-02T08:26:51","date_gmt":"2021-03-02T08:26:51","guid":{"rendered":"http:\/\/www.pipety.eu\/?post_type=product&#038;p=1062"},"modified":"2021-05-02T18:30:24","modified_gmt":"2021-05-02T18:30:24","slug":"eppendorf-xplorer-10-200-%c2%b5l","status":"publish","type":"product","link":"https:\/\/www.pipety.eu\/?product=eppendorf-xplorer-10-200-%c2%b5l","title":{"rendered":"Eppendorf Xplorer 10-200 \u00b5l"},"content":{"rendered":"<p>Jednokan\u00e1lov\u00e1 elektronick\u00e1 pipeta Eppendorf Xplorer. D\u00e1vkovan\u00fd objem 10-200 \u00b5l. U t\u011bchto pipet je mo\u017en\u00e9 nastavit rychlost nas\u00e1v\u00e1n\u00ed a vypou\u0161t\u011bn\u00ed. Pipety se dod\u00e1vaj\u00ed s nap\u00e1jec\u00edm adapt\u00e9rem. Je mo\u017en\u00e9 objednat i nab\u00edjec\u00ed stojan.<\/p>\n","protected":false},"excerpt":{"rendered":"<p>Jednokan\u00e1lov\u00e1 elektronick\u00e1 pipeta Eppendorf Xplorer. D\u00e1vkovan\u00fd objem 10-200 \u00b5l. U t\u011bchto pipet je mo\u017en\u00e9 nastavit rychlost nas\u00e1v\u00e1n\u00ed a vypou\u0161t\u011bn\u00ed. Pipety se dod\u00e1vaj\u00ed s nap\u00e1jec\u00edm adapt\u00e9rem. Je mo\u017en\u00e9 objednat i nab\u00edjec\u00ed stojan.<\/p>\n","protected":false},"featured_media":1059,"comment_status":"open","ping_status":"closed","template":"","meta":{"spay_email":""},"_links":{"self":[{"href":"https:\/\/www.pipety.eu\/index.php?rest_route=\/wp\/v2\/product\/1062"}],"collection":[{"href":"https:\/\/www.pipety.eu\/index.php?rest_route=\/wp\/v2\/product"}],"about":[{"href":"https:\/\/www.pipety.eu\/index.php?rest_route=\/wp\/v2\/types\/product"}],"replies":[{"embeddable":true,"href":"https:\/\/www.pipety.eu\/index.php?rest_route=%2Fwp%2Fv2%2Fcomments&post=1062"}],"wp:featuredmedia":[{"embeddable":true,"href":"https:\/\/www.pipety.eu\/index.php?rest_route=\/wp\/v2\/media\/1059"}],"wp:attachment":[{"href":"https:\/\/www.pipety.eu\/index.php?rest_route=%2Fwp%2Fv2%2Fmedia&parent=1062"}],"curies":[{"name":"wp","href":"https:\/\/api.w.org\/{rel}","templated":true}]}}