{"id":854,"date":"2021-01-05T13:18:31","date_gmt":"2021-01-05T13:18:31","guid":{"rendered":"http:\/\/www.pipety.eu\/?page_id=854"},"modified":"2021-05-02T20:33:23","modified_gmt":"2021-05-02T20:33:23","slug":"napiste-nam","status":"publish","type":"page","link":"https:\/\/www.pipety.eu\/?page_id=854","title":{"rendered":"Napi\u0161te n\u00e1m!"},"content":{"rendered":"\n<p>Ka\u017ed\u00fd V\u00e1\u0161 n\u00e1zor nebo p\u0159ipom\u00ednka n\u00e1s zaj\u00edm\u00e1. Pokud n\u00e1m chcete n\u011bco sd\u011blit nebo m\u00e1te z\u00e1jem o jak\u00e9koli informace, pros\u00edm, vypl\u0148te formul\u00e1\u0159. D\u011bkujeme. <\/p>\n\n\n\n<p>Ozveme se V\u00e1m obratem.<\/p>\n\n\n<div class=\"wpforms-container wpforms-container-full\" id=\"wpforms-1183\"><form id=\"wpforms-form-1183\" class=\"wpforms-validate wpforms-form\" data-formid=\"1183\" method=\"post\" enctype=\"multipart\/form-data\" action=\"\/index.php?rest_route=%2Fwp%2Fv2%2Fpages%2F854\" data-token=\"f97bb4cc4767df0279fa85871666bb2f\"><noscript class=\"wpforms-error-noscript\">Chcete-li vyplnit tento formul\u00e1\u0159, pros\u00edm povolte v prohl\u00ed\u017ee\u010di JavaScript.<\/noscript><div class=\"wpforms-field-container\"><div id=\"wpforms-1183-field_1-container\" class=\"wpforms-field wpforms-field-text\" data-field-id=\"1\"><label class=\"wpforms-field-label\" for=\"wpforms-1183-field_1\">Va\u0161e jm\u00e9no: <span class=\"wpforms-required-label\">*<\/span><\/label><input type=\"text\" id=\"wpforms-1183-field_1\" class=\"wpforms-field-medium wpforms-field-required\" name=\"wpforms[fields][1]\" required><\/div><div id=\"wpforms-1183-field_2-container\" class=\"wpforms-field wpforms-field-email\" data-field-id=\"2\"><label class=\"wpforms-field-label\" for=\"wpforms-1183-field_2\">E-mail <span class=\"wpforms-required-label\">*<\/span><\/label><input type=\"email\" id=\"wpforms-1183-field_2\" class=\"wpforms-field-medium wpforms-field-required\" name=\"wpforms[fields][2]\" required><\/div><div id=\"wpforms-1183-field_3-container\" class=\"wpforms-field wpforms-field-textarea\" data-field-id=\"3\"><label class=\"wpforms-field-label\" for=\"wpforms-1183-field_3\">V\u00e1\u0161 po\u017eadavek, dotaz, p\u0159ipom\u00ednka...... <span class=\"wpforms-required-label\">*<\/span><\/label><textarea id=\"wpforms-1183-field_3\" class=\"wpforms-field-medium wpforms-field-required\" name=\"wpforms[fields][3]\" required><\/textarea><\/div><\/div><div class=\"wpforms-submit-container\" ><input type=\"hidden\" name=\"wpforms[id]\" value=\"1183\"><input type=\"hidden\" name=\"wpforms[author]\" value=\"1\"><button type=\"submit\" name=\"wpforms[submit]\" class=\"wpforms-submit \" id=\"wpforms-submit-1183\" value=\"wpforms-submit\" aria-live=\"assertive\" data-alt-text=\"Odes\u00edl\u00e1ni...\" data-submit-text=\"Odeslat\">Odeslat<\/button><\/div><\/form><\/div>  <!-- .wpforms-container -->\n\n\n<figure class=\"wp-block-image size-large is-resized\"><img loading=\"lazy\" src=\"https:\/\/www.pipety.eu\/wp-content\/uploads\/2021\/01\/11707976_GRP_M_wl.jpg\" alt=\"\" class=\"wp-image-857\" width=\"395\" height=\"395\" srcset=\"https:\/\/www.pipety.eu\/wp-content\/uploads\/2021\/01\/11707976_GRP_M_wl.jpg 400w, https:\/\/www.pipety.eu\/wp-content\/uploads\/2021\/01\/11707976_GRP_M_wl-150x150.jpg 150w, https:\/\/www.pipety.eu\/wp-content\/uploads\/2021\/01\/11707976_GRP_M_wl-100x100.jpg 100w, https:\/\/www.pipety.eu\/wp-content\/uploads\/2021\/01\/11707976_GRP_M_wl-300x300.jpg 300w, https:\/\/www.pipety.eu\/wp-content\/uploads\/2021\/01\/11707976_GRP_M_wl-75x75.jpg 75w\" sizes=\"(max-width: 395px) 100vw, 395px\" \/><\/figure>\n","protected":false},"excerpt":{"rendered":"<p>Ka\u017ed\u00fd V\u00e1\u0161 n\u00e1zor nebo p\u0159ipom\u00ednka n\u00e1s zaj\u00edm\u00e1. Pokud n\u00e1m chcete n\u011bco sd\u011blit nebo m\u00e1te z\u00e1jem o jak\u00e9koli informace, pros\u00edm, vypl\u0148te formul\u00e1\u0159. D\u011bkujeme. Ozveme se V\u00e1m obratem.<\/p>\n","protected":false},"author":1,"featured_media":0,"parent":0,"menu_order":0,"comment_status":"closed","ping_status":"closed","template":"","meta":{"spay_email":""},"_links":{"self":[{"href":"https:\/\/www.pipety.eu\/index.php?rest_route=\/wp\/v2\/pages\/854"}],"collection":[{"href":"https:\/\/www.pipety.eu\/index.php?rest_route=\/wp\/v2\/pages"}],"about":[{"href":"https:\/\/www.pipety.eu\/index.php?rest_route=\/wp\/v2\/types\/page"}],"author":[{"embeddable":true,"href":"https:\/\/www.pipety.eu\/index.php?rest_route=\/wp\/v2\/users\/1"}],"replies":[{"embeddable":true,"href":"https:\/\/www.pipety.eu\/index.php?rest_route=%2Fwp%2Fv2%2Fcomments&post=854"}],"version-history":[{"count":4,"href":"https:\/\/www.pipety.eu\/index.php?rest_route=\/wp\/v2\/pages\/854\/revisions"}],"predecessor-version":[{"id":1185,"href":"https:\/\/www.pipety.eu\/index.php?rest_route=\/wp\/v2\/pages\/854\/revisions\/1185"}],"wp:attachment":[{"href":"https:\/\/www.pipety.eu\/index.php?rest_route=%2Fwp%2Fv2%2Fmedia&parent=854"}],"curies":[{"name":"wp","href":"https:\/\/api.w.org\/{rel}","templated":true}]}}