{"id":66,"date":"2020-11-23T08:57:29","date_gmt":"2020-11-23T08:57:29","guid":{"rendered":"http:\/\/www.pipety.eu\/?page_id=66"},"modified":"2021-09-22T12:43:10","modified_gmt":"2021-09-22T12:43:10","slug":"popis-kalibracni-laboratore-2","status":"publish","type":"page","link":"https:\/\/www.pipety.eu\/?page_id=66","title":{"rendered":"Popis kalibra\u010dn\u00ed laborato\u0159e"},"content":{"rendered":"\n<p>Kalibra\u010dn\u00ed laborato\u0159 Scanlab Praha byla zalo\u017eena v roce 2012, kdy prob\u011bhla prvn\u00ed akreditace v oblasti objem. V roce 2017 jsme p\u0159idali kalibrace teplopy v rozsahu -30 a\u017e 130\u00b0C. V roce 2020 jsme p\u0159idali kalibraci teploty a homogenit teplotn\u00edho pole u lednic a mraz\u00e1k\u016f.<\/p>\n\n\n\n<div class=\"wp-block-columns\">\n<div class=\"wp-block-column\">\n<p>Detailn\u00ed informace z\u00edsk\u00e1te na t\u011bchto str\u00e1nk\u00e1ch:<\/p>\n<\/div>\n\n\n\n<div class=\"wp-block-column\"><\/div>\n<\/div>\n\n\n\n<div class=\"wp-block-group\"><div class=\"wp-block-group__inner-container\">\n<div class=\"wp-block-group alignfull\"><div class=\"wp-block-group__inner-container\">\n<p><\/p>\n<\/div><\/div>\n<\/div><\/div>\n\n\n\n<p><strong>V\u0161echny kalibra\u010dn\u00ed postupy jsou akreditov\u00e1ny \u010cIA.<\/strong><\/p>\n\n\n\n<div class=\"wp-block-columns\">\n<div class=\"wp-block-column\">\n<p><strong>Kalibrace pipet<\/strong><\/p>\n\n\n\n<ul><li>kalibrace prov\u00e1d\u00edme do 2 pracovn\u00edch dn\u016f<\/li><li>v cen\u011b kalibrace je kompletn\u00ed servis a \u00fadr\u017eba pipety<\/li><li>je provedena kontrola t\u011bsnosti<\/li><li>svoz a rozvoz pipet je zdarma<\/li><li>nab\u00edz\u00edme V\u00e1m zap\u016fj\u010den\u00ed pipet b\u011bhem kalibrace<\/li><li>v\u0161echny pipety dekontaminujeme<\/li><\/ul>\n<\/div>\n\n\n\n<div class=\"wp-block-column\">\n<p><strong>Kalibrace teplom\u011br\u016f<\/strong><\/p>\n\n\n\n<ul><li>kalibrace prov\u00e1d\u00edme do 2 pracovn\u00edch dn\u016f<\/li><li>svoz a rozvoz je zdarma<\/li><li>nab\u00edz\u00edme mo\u017enost zap\u016fj\u010den\u00ed n\u00e1hradn\u00edch teplomer\u016f<\/li><li>kalibrujeme teplom\u011bry i na Va\u0161em pracovi\u0161ti<\/li><\/ul>\n<\/div>\n\n\n\n<div class=\"wp-block-column\">\n<p><strong>Kalibrace teploty a homogenity teplotn\u00edho pole<\/strong><\/p>\n\n\n\n<ul><li>prov\u00e1d\u00edme u nov\u00fdch lednic, ale i u V\u00e1s<\/li><li>nab\u00edz\u00edme mo\u017enost kalibrace na V\u00e1mi vybran\u00fd \u010dasov\u00fd \u00fasek<\/li><li>n\u00e1stup technika na kalibraci je do 3 dn\u016f od objedn\u00e1n\u00ed<\/li><\/ul>\n\n\n\n<figure class=\"wp-block-image size-large is-resized\"><img loading=\"lazy\" src=\"https:\/\/www.pipety.eu\/wp-content\/uploads\/2021\/01\/BK-2373.jpg\" alt=\"\" class=\"wp-image-875\" width=\"90\" height=\"86\" srcset=\"https:\/\/www.pipety.eu\/wp-content\/uploads\/2021\/01\/BK-2373.jpg 572w, https:\/\/www.pipety.eu\/wp-content\/uploads\/2021\/01\/BK-2373-300x287.jpg 300w\" sizes=\"(max-width: 90px) 100vw, 90px\" \/><\/figure>\n<\/div>\n<\/div>\n\n\n\n<div class=\"wp-block-columns\">\n<div class=\"wp-block-column\">\n<figure class=\"wp-block-image size-large\"><img loading=\"lazy\" width=\"1024\" height=\"768\" src=\"https:\/\/www.pipety.eu\/wp-content\/uploads\/2020\/11\/20191212_104251637_iOS-1-1024x768.jpg\" alt=\"\" class=\"wp-image-73\" srcset=\"https:\/\/www.pipety.eu\/wp-content\/uploads\/2020\/11\/20191212_104251637_iOS-1-1024x768.jpg 1024w, https:\/\/www.pipety.eu\/wp-content\/uploads\/2020\/11\/20191212_104251637_iOS-1-scaled-300x225.jpg 300w, https:\/\/www.pipety.eu\/wp-content\/uploads\/2020\/11\/20191212_104251637_iOS-1-768x576.jpg 768w, https:\/\/www.pipety.eu\/wp-content\/uploads\/2020\/11\/20191212_104251637_iOS-1-1536x1152.jpg 1536w, https:\/\/www.pipety.eu\/wp-content\/uploads\/2020\/11\/20191212_104251637_iOS-1-2048x1536.jpg 2048w\" sizes=\"(max-width: 1024px) 100vw, 1024px\" \/><\/figure>\n<\/div>\n\n\n\n<div class=\"wp-block-column\">\n<figure class=\"wp-block-image size-large\"><img loading=\"lazy\" width=\"1024\" height=\"768\" src=\"https:\/\/www.pipety.eu\/wp-content\/uploads\/2020\/11\/20191212_085354914_iOS-1024x768.jpg\" alt=\"\" class=\"wp-image-75\" srcset=\"https:\/\/www.pipety.eu\/wp-content\/uploads\/2020\/11\/20191212_085354914_iOS-1024x768.jpg 1024w, https:\/\/www.pipety.eu\/wp-content\/uploads\/2020\/11\/20191212_085354914_iOS-scaled-300x225.jpg 300w, https:\/\/www.pipety.eu\/wp-content\/uploads\/2020\/11\/20191212_085354914_iOS-768x576.jpg 768w, https:\/\/www.pipety.eu\/wp-content\/uploads\/2020\/11\/20191212_085354914_iOS-1536x1152.jpg 1536w, https:\/\/www.pipety.eu\/wp-content\/uploads\/2020\/11\/20191212_085354914_iOS-2048x1536.jpg 2048w\" sizes=\"(max-width: 1024px) 100vw, 1024px\" \/><\/figure>\n\n\n\n<p><\/p>\n<\/div>\n<\/div>\n\n\n\n<p>Pokud m\u00e1te o kalibrace pipet z\u00e1jem, pros\u00edm, vypl\u0148te n\u00e1sleduj\u00edc\u00ed dotazn\u00edk:<\/p>\n\n\n<div class=\"wpforms-container wpforms-container-full\" id=\"wpforms-1179\"><form id=\"wpforms-form-1179\" class=\"wpforms-validate wpforms-form\" data-formid=\"1179\" method=\"post\" enctype=\"multipart\/form-data\" action=\"\/index.php?rest_route=%2Fwp%2Fv2%2Fpages%2F66\" data-token=\"f97bb4cc4767df0279fa85871666bb2f\"><noscript class=\"wpforms-error-noscript\">Chcete-li vyplnit tento formul\u00e1\u0159, pros\u00edm povolte v prohl\u00ed\u017ee\u010di JavaScript.<\/noscript><div class=\"wpforms-field-container\"><div id=\"wpforms-1179-field_2-container\" class=\"wpforms-field wpforms-field-text\" data-field-id=\"2\"><label class=\"wpforms-field-label\" for=\"wpforms-1179-field_2\">Jm\u00e9no a p\u0159\u00edjmen\u00ed<\/label><input type=\"text\" id=\"wpforms-1179-field_2\" class=\"wpforms-field-medium\" name=\"wpforms[fields][2]\" ><\/div><div id=\"wpforms-1179-field_3-container\" class=\"wpforms-field wpforms-field-email\" data-field-id=\"3\"><label class=\"wpforms-field-label\" for=\"wpforms-1179-field_3\">E-mail <span class=\"wpforms-required-label\">*<\/span><\/label><input type=\"email\" id=\"wpforms-1179-field_3\" class=\"wpforms-field-medium wpforms-field-required\" name=\"wpforms[fields][3]\" required><\/div><div id=\"wpforms-1179-field_5-container\" class=\"wpforms-field wpforms-field-select wpforms-field-select-style-classic\" data-field-id=\"5\"><label class=\"wpforms-field-label\" for=\"wpforms-1179-field_5\">M\u00e1m z\u00e1jem o: <span class=\"wpforms-required-label\">*<\/span><\/label><select id=\"wpforms-1179-field_5\" class=\"wpforms-field-medium wpforms-field-required\" name=\"wpforms[fields][5]\" required=\"required\"><option value=\"Akreditovan\u00e9 kalibrace\" >Akreditovan\u00e9 kalibrace<\/option><option value=\"Neakreditovan\u00e9 kalibrace\" >Neakreditovan\u00e9 kalibrace<\/option><option value=\"Mezikalibra\u010dn\u00ed kontrolu\" >Mezikalibra\u010dn\u00ed kontrolu<\/option><\/select><\/div><div id=\"wpforms-1179-field_6-container\" class=\"wpforms-field wpforms-field-textarea\" data-field-id=\"6\"><label class=\"wpforms-field-label\" for=\"wpforms-1179-field_6\">V\u00e1\u0161 po\u017eadavek (po\u010det pipet ke kalibraci apod.): <span class=\"wpforms-required-label\">*<\/span><\/label><textarea id=\"wpforms-1179-field_6\" class=\"wpforms-field-medium wpforms-field-required\" name=\"wpforms[fields][6]\" required><\/textarea><div class=\"wpforms-field-description\">Do tohoto pol\u00ed\u010dka napi\u0161te po\u010det pipet, kter\u00e9 chcete kalibrovat, kontrolovat nebo nap\u0159. servisovat.<\/div><\/div><\/div><div class=\"wpforms-submit-container\" ><input type=\"hidden\" name=\"wpforms[id]\" value=\"1179\"><input type=\"hidden\" name=\"wpforms[author]\" value=\"1\"><button type=\"submit\" name=\"wpforms[submit]\" class=\"wpforms-submit \" id=\"wpforms-submit-1179\" value=\"wpforms-submit\" aria-live=\"assertive\" data-alt-text=\"Odes\u00edl\u00e1ni...\" data-submit-text=\"Odeslat\">Odeslat<\/button><\/div><\/form><\/div>  <!-- .wpforms-container -->","protected":false},"excerpt":{"rendered":"<p>Kalibra\u010dn\u00ed laborato\u0159 Scanlab Praha byla zalo\u017eena v roce 2012, kdy prob\u011bhla prvn\u00ed akreditace v oblasti objem. V roce 2017 jsme p\u0159idali kalibrace teplopy v rozsahu -30 a\u017e 130\u00b0C. V roce 2020 jsme p\u0159idali kalibraci teploty a homogenit teplotn\u00edho pole u lednic a mraz\u00e1k\u016f. Detailn\u00ed informace z\u00edsk\u00e1te na t\u011bchto str\u00e1nk\u00e1ch: V\u0161echny&hellip; <\/p>\n","protected":false},"author":1,"featured_media":0,"parent":0,"menu_order":0,"comment_status":"closed","ping_status":"closed","template":"","meta":{"spay_email":""},"_links":{"self":[{"href":"https:\/\/www.pipety.eu\/index.php?rest_route=\/wp\/v2\/pages\/66"}],"collection":[{"href":"https:\/\/www.pipety.eu\/index.php?rest_route=\/wp\/v2\/pages"}],"about":[{"href":"https:\/\/www.pipety.eu\/index.php?rest_route=\/wp\/v2\/types\/page"}],"author":[{"embeddable":true,"href":"https:\/\/www.pipety.eu\/index.php?rest_route=\/wp\/v2\/users\/1"}],"replies":[{"embeddable":true,"href":"https:\/\/www.pipety.eu\/index.php?rest_route=%2Fwp%2Fv2%2Fcomments&post=66"}],"version-history":[{"count":12,"href":"https:\/\/www.pipety.eu\/index.php?rest_route=\/wp\/v2\/pages\/66\/revisions"}],"predecessor-version":[{"id":1696,"href":"https:\/\/www.pipety.eu\/index.php?rest_route=\/wp\/v2\/pages\/66\/revisions\/1696"}],"wp:attachment":[{"href":"https:\/\/www.pipety.eu\/index.php?rest_route=%2Fwp%2Fv2%2Fmedia&parent=66"}],"curies":[{"name":"wp","href":"https:\/\/api.w.org\/{rel}","templated":true}]}}