{"id":172,"date":"2020-11-27T14:48:36","date_gmt":"2020-11-27T14:48:36","guid":{"rendered":"http:\/\/www.pipety.eu\/?page_id=172"},"modified":"2021-09-21T08:23:01","modified_gmt":"2021-09-21T08:23:01","slug":"novinky-na-e-shopu","status":"publish","type":"page","link":"https:\/\/www.pipety.eu\/?page_id=172","title":{"rendered":"Novinky na e-shopu"},"content":{"rendered":"\n<div class=\"wp-block-columns\">\n<div class=\"wp-block-column\">\n<figure class=\"wp-block-image size-large is-resized\"><img loading=\"lazy\" src=\"http:\/\/www.pipety.eu\/wp-content\/uploads\/2021\/09\/pipety-Brand-1-1024x1024.jpg\" alt=\"\" class=\"wp-image-1629\" width=\"184\" height=\"184\" srcset=\"https:\/\/www.pipety.eu\/wp-content\/uploads\/2021\/09\/pipety-Brand-1-1024x1024.jpg 1024w, https:\/\/www.pipety.eu\/wp-content\/uploads\/2021\/09\/pipety-Brand-1-300x300.jpg 300w, https:\/\/www.pipety.eu\/wp-content\/uploads\/2021\/09\/pipety-Brand-1-150x150.jpg 150w, https:\/\/www.pipety.eu\/wp-content\/uploads\/2021\/09\/pipety-Brand-1-768x768.jpg 768w, https:\/\/www.pipety.eu\/wp-content\/uploads\/2021\/09\/pipety-Brand-1-1536x1536.jpg 1536w, https:\/\/www.pipety.eu\/wp-content\/uploads\/2021\/09\/pipety-Brand-1-2048x2048.jpg 2048w, https:\/\/www.pipety.eu\/wp-content\/uploads\/2021\/09\/pipety-Brand-1-512x512.jpg 512w, https:\/\/www.pipety.eu\/wp-content\/uploads\/2021\/09\/pipety-Brand-1-420x420.jpg 420w, https:\/\/www.pipety.eu\/wp-content\/uploads\/2021\/09\/pipety-Brand-1-75x75.jpg 75w, https:\/\/www.pipety.eu\/wp-content\/uploads\/2021\/09\/pipety-Brand-1-100x100.jpg 100w, https:\/\/www.pipety.eu\/wp-content\/uploads\/2021\/09\/pipety-Brand-1-60x60.jpg 60w, https:\/\/www.pipety.eu\/wp-content\/uploads\/2021\/09\/pipety-Brand-1-90x90.jpg 90w\" sizes=\"(max-width: 184px) 100vw, 184px\" \/><\/figure>\n<\/div>\n\n\n\n<div class=\"wp-block-column\">\n<p>Na n\u00e1\u0161 eshop jsme um\u00edstili kompletn\u00ed nab\u00eddku pipet Brand.<\/p>\n<\/div>\n<\/div>\n\n\n\n<hr class=\"wp-block-separator\"\/>\n\n\n\n<div class=\"wp-block-columns\">\n<div class=\"wp-block-column\">\n<p>Dnes jsme odeslali 54 pipet zna\u010dky Eppendorf na\u0161emu z\u00e1kazn\u00edkovi. Samoz\u0159ejm\u011b s kalibrac\u00ed a dopravou zdarma.<\/p>\n\n\n\n<p>Sta\u0148te se i Vy na\u0161\u00edm spokojen\u00fdm z\u00e1kazn\u00edkem.<\/p>\n<\/div>\n\n\n\n<div class=\"wp-block-column\">\n<figure class=\"wp-block-image size-large is-resized\"><img loading=\"lazy\" src=\"https:\/\/www.pipety.eu\/wp-content\/uploads\/2020\/11\/eppendorf-pipety-prodane-768x1024.jpeg\" alt=\"\" class=\"wp-image-173\" width=\"173\" height=\"230\" srcset=\"https:\/\/www.pipety.eu\/wp-content\/uploads\/2020\/11\/eppendorf-pipety-prodane-768x1024.jpeg 768w, https:\/\/www.pipety.eu\/wp-content\/uploads\/2020\/11\/eppendorf-pipety-prodane-300x400.jpeg 300w, https:\/\/www.pipety.eu\/wp-content\/uploads\/2020\/11\/eppendorf-pipety-prodane-225x300.jpeg 225w, https:\/\/www.pipety.eu\/wp-content\/uploads\/2020\/11\/eppendorf-pipety-prodane-1152x1536.jpeg 1152w, https:\/\/www.pipety.eu\/wp-content\/uploads\/2020\/11\/eppendorf-pipety-prodane.jpeg 1200w\" sizes=\"(max-width: 173px) 100vw, 173px\" \/><\/figure>\n<\/div>\n<\/div>\n\n\n\n<hr class=\"wp-block-separator\"\/>\n\n\n\n<div class=\"wp-block-columns\">\n<div class=\"wp-block-column\">\n<figure class=\"wp-block-image size-large is-resized\"><img loading=\"lazy\" src=\"http:\/\/www.pipety.eu\/wp-content\/uploads\/2020\/11\/brandImages_Eppendorf_Reference-2_pipette-colors.jpg\" alt=\"\" class=\"wp-image-179\" width=\"180\" height=\"180\" srcset=\"https:\/\/www.pipety.eu\/wp-content\/uploads\/2020\/11\/brandImages_Eppendorf_Reference-2_pipette-colors.jpg 500w, https:\/\/www.pipety.eu\/wp-content\/uploads\/2020\/11\/brandImages_Eppendorf_Reference-2_pipette-colors-150x150.jpg 150w, https:\/\/www.pipety.eu\/wp-content\/uploads\/2020\/11\/brandImages_Eppendorf_Reference-2_pipette-colors-100x100.jpg 100w, https:\/\/www.pipety.eu\/wp-content\/uploads\/2020\/11\/brandImages_Eppendorf_Reference-2_pipette-colors-300x300.jpg 300w, https:\/\/www.pipety.eu\/wp-content\/uploads\/2020\/11\/brandImages_Eppendorf_Reference-2_pipette-colors-420x420.jpg 420w, https:\/\/www.pipety.eu\/wp-content\/uploads\/2020\/11\/brandImages_Eppendorf_Reference-2_pipette-colors-75x75.jpg 75w\" sizes=\"(max-width: 180px) 100vw, 180px\" \/><\/figure>\n<\/div>\n\n\n\n<div class=\"wp-block-column\">\n<p>Byly p\u0159id\u00e1ny pipety Eppendorf Reference 2, a to s variabiln\u00edm i fixn\u00edm objemem, GLP i IVD. V\u0161echny pipety objedn\u00e1v\u00e1me ze zahrani\u010d\u00ed. Doba dod\u00e1n\u00ed by m\u011bla b\u00fdt do jednoho t\u00fddne.<\/p>\n<\/div>\n<\/div>\n\n\n\n<hr class=\"wp-block-separator\"\/>\n\n\n\n<div class=\"wp-block-columns\">\n<div class=\"wp-block-column\">\n<p>Od nov\u00e9ho roku V\u00e1m nab\u00eddneme kompletn\u00ed nab\u00eddku Thermo &#8211; Finnpipette. Pracujeme na za\u0159azen\u00ed na na\u0161eho E-shopu.<\/p>\n<\/div>\n\n\n\n<div class=\"wp-block-column\">\n<figure class=\"wp-block-image size-large is-resized\"><img loading=\"lazy\" src=\"https:\/\/www.pipety.eu\/wp-content\/uploads\/2020\/12\/IMG_1449-768x1024.jpg\" alt=\"\" class=\"wp-image-461\" width=\"131\" height=\"175\" srcset=\"https:\/\/www.pipety.eu\/wp-content\/uploads\/2020\/12\/IMG_1449-768x1024.jpg 768w, https:\/\/www.pipety.eu\/wp-content\/uploads\/2020\/12\/IMG_1449-scaled-300x400.jpg 300w, https:\/\/www.pipety.eu\/wp-content\/uploads\/2020\/12\/IMG_1449-225x300.jpg 225w, https:\/\/www.pipety.eu\/wp-content\/uploads\/2020\/12\/IMG_1449-1152x1536.jpg 1152w, https:\/\/www.pipety.eu\/wp-content\/uploads\/2020\/12\/IMG_1449-1536x2048.jpg 1536w, https:\/\/www.pipety.eu\/wp-content\/uploads\/2020\/12\/IMG_1449-scaled.jpg 1920w\" sizes=\"(max-width: 131px) 100vw, 131px\" \/><\/figure>\n<\/div>\n<\/div>\n\n\n\n<hr class=\"wp-block-separator\"\/>\n\n\n\n<p><\/p>\n","protected":false},"excerpt":{"rendered":"<p>Na n\u00e1\u0161 eshop jsme um\u00edstili kompletn\u00ed nab\u00eddku pipet Brand. Dnes jsme odeslali 54 pipet zna\u010dky Eppendorf na\u0161emu z\u00e1kazn\u00edkovi. Samoz\u0159ejm\u011b s kalibrac\u00ed a dopravou zdarma. Sta\u0148te se i Vy na\u0161\u00edm spokojen\u00fdm z\u00e1kazn\u00edkem. Byly p\u0159id\u00e1ny pipety Eppendorf Reference 2, a to s variabiln\u00edm i fixn\u00edm objemem, GLP i IVD. V\u0161echny pipety objedn\u00e1v\u00e1me&hellip; <\/p>\n","protected":false},"author":1,"featured_media":0,"parent":0,"menu_order":0,"comment_status":"closed","ping_status":"closed","template":"","meta":{"spay_email":""},"_links":{"self":[{"href":"https:\/\/www.pipety.eu\/index.php?rest_route=\/wp\/v2\/pages\/172"}],"collection":[{"href":"https:\/\/www.pipety.eu\/index.php?rest_route=\/wp\/v2\/pages"}],"about":[{"href":"https:\/\/www.pipety.eu\/index.php?rest_route=\/wp\/v2\/types\/page"}],"author":[{"embeddable":true,"href":"https:\/\/www.pipety.eu\/index.php?rest_route=\/wp\/v2\/users\/1"}],"replies":[{"embeddable":true,"href":"https:\/\/www.pipety.eu\/index.php?rest_route=%2Fwp%2Fv2%2Fcomments&post=172"}],"version-history":[{"count":6,"href":"https:\/\/www.pipety.eu\/index.php?rest_route=\/wp\/v2\/pages\/172\/revisions"}],"predecessor-version":[{"id":2196,"href":"https:\/\/www.pipety.eu\/index.php?rest_route=\/wp\/v2\/pages\/172\/revisions\/2196"}],"wp:attachment":[{"href":"https:\/\/www.pipety.eu\/index.php?rest_route=%2Fwp%2Fv2%2Fmedia&parent=172"}],"curies":[{"name":"wp","href":"https:\/\/api.w.org\/{rel}","templated":true}]}}