{"id":166,"date":"2020-11-26T15:13:38","date_gmt":"2020-11-26T15:13:38","guid":{"rendered":"http:\/\/www.pipety.eu\/?page_id=166"},"modified":"2023-03-04T10:02:53","modified_gmt":"2023-03-04T10:02:53","slug":"kontaktni-udaje","status":"publish","type":"page","link":"https:\/\/www.pipety.eu\/?page_id=166","title":{"rendered":"Kontaktn\u00ed \u00fadaje"},"content":{"rendered":"\n<div class=\"wp-block-group\"><div class=\"wp-block-group__inner-container\">\n<p><strong>Scanlab Praha s.r.o.<\/strong><\/p>\n\n\n\n<p>Dr. Marodyho 143, 196 00 Praha 9<\/p>\n\n\n\n<p>I\u010cO: 241 76 753, DI\u010c: CZ 241 76 753<\/p>\n\n\n\n<p>Tel.: 283 931 726, email: scanlab@scanlab.cz<\/p>\n<\/div><\/div>\n\n\n\n<p class=\"has-luminous-vivid-orange-color has-text-color\">Pokud m\u00e1te z\u00e1jem o <strong><span class=\"has-inline-color has-luminous-vivid-orange-color\">kalibrace pipet<\/span><\/strong>: <a href=\"http:\/\/www.kalibracepipet.cz\" data-type=\"URL\" data-id=\"www.kalibracepipet.cz\">ww.kalibracepipet.cz<\/a> a info@kalibracepipet.cz<\/p>\n\n\n\n<p class=\"has-luminous-vivid-orange-color has-text-color\">Pokud m\u00e1te z\u00e1jem o <strong><span class=\"has-inline-color has-luminous-vivid-orange-color\">kalibrace teplom\u011br\u016f<\/span><\/strong>: <a href=\"http:\/\/www.kalibraceteplomeru.cz\" data-type=\"URL\" data-id=\"www.kalibraceteplomeru.cz\">www.kalibraceteplomeru.cz<\/a> a info@kalibraceteplomeru.cz<\/p>\n\n\n\n<p class=\"has-luminous-vivid-orange-color has-text-color\">Pokud m\u00e1te z\u00e1jem o <strong>kalibrace vlhkom\u011br\u016f<\/strong>: <a href=\"http:\/\/www.kalibracevlhkomeru.cz\">www.kalibraceteplomeru.cz<\/a> a info@kalibracevlhkomeru.cz<\/p>\n\n\n\n<div class=\"wp-block-columns\">\n<div class=\"wp-block-column\">\n<p>Akreditovan\u00e9 kalibrace jsou prov\u00e1d\u011bny Akreditovanou kalibra\u010dn\u00ed laborato\u0159\u00ed Scanlab Praha, akreditov\u00e1na \u010cIA pod \u010d\u00edslem K2373. <\/p>\n<\/div>\n\n\n\n<div class=\"wp-block-column\"><\/div>\n<\/div>\n\n\n\n<hr class=\"wp-block-separator\"\/>\n\n\n\n<p><strong>Kalibra\u010dn\u00ed laborato\u0159 Scanlab Praha:<\/strong><\/p>\n\n\n\n<ul><li>akreditovan\u00e9 kalibrace laboratorn\u00edch pipet<\/li><li>akreditovan\u00e9 kalibrace teplom\u011br\u016f (od -30 do 130\u00b0C)<\/li><li>akreditovan\u00e9 kalibrace vlhkom\u011br\u016f (od 20 do 80 %RH)<\/li><li>akreditovan\u00e9 kalibrace teploty a homogenity teplotn\u00edho pole lednic a mraz\u00e1k\u016f<\/li><\/ul>\n\n\n\n<div class=\"wp-block-columns\">\n<div class=\"wp-block-column\">\n<figure class=\"wp-block-image size-large is-resized\"><img loading=\"lazy\" src=\"http:\/\/www.pipety.eu\/wp-content\/uploads\/2021\/05\/F1-na-stojanu-1.jpg\" alt=\"\" class=\"wp-image-1262\" width=\"172\" height=\"172\" srcset=\"https:\/\/www.pipety.eu\/wp-content\/uploads\/2021\/05\/F1-na-stojanu-1.jpg 400w, https:\/\/www.pipety.eu\/wp-content\/uploads\/2021\/05\/F1-na-stojanu-1-300x300.jpg 300w, https:\/\/www.pipety.eu\/wp-content\/uploads\/2021\/05\/F1-na-stojanu-1-150x150.jpg 150w, https:\/\/www.pipety.eu\/wp-content\/uploads\/2021\/05\/F1-na-stojanu-1-75x75.jpg 75w, https:\/\/www.pipety.eu\/wp-content\/uploads\/2021\/05\/F1-na-stojanu-1-100x100.jpg 100w, https:\/\/www.pipety.eu\/wp-content\/uploads\/2021\/05\/F1-na-stojanu-1-60x60.jpg 60w, https:\/\/www.pipety.eu\/wp-content\/uploads\/2021\/05\/F1-na-stojanu-1-90x90.jpg 90w\" sizes=\"(max-width: 172px) 100vw, 172px\" \/><\/figure>\n<\/div>\n\n\n\n<div class=\"wp-block-column\">\n<p class=\"has-text-align-center\"><strong>Na\u0161e nab\u00eddka = n\u00e1\u0161 z\u00e1vazek<\/strong><\/p>\n\n\n\n<p class=\"has-text-align-center\">V\u0161echny kalibrace prov\u00e1d\u00edme do jednoho pracovn\u00edho dne, jinak je kalibrace provedena zcela zdarma.<\/p>\n<\/div>\n<\/div>\n\n\n\n<div class=\"wp-block-buttons\">\n<div class=\"wp-block-button\"><a class=\"wp-block-button__link has-luminous-vivid-orange-background-color has-background\" href=\"http:\/\/www.kalibracepipet.cz\">KL Scanlab Praha<\/a><\/div>\n<\/div>\n","protected":false},"excerpt":{"rendered":"<p>Pokud m\u00e1te z\u00e1jem o kalibrace pipet: ww.kalibracepipet.cz a info@kalibracepipet.cz Pokud m\u00e1te z\u00e1jem o kalibrace teplom\u011br\u016f: www.kalibraceteplomeru.cz a info@kalibraceteplomeru.cz Pokud m\u00e1te z\u00e1jem o kalibrace vlhkom\u011br\u016f: www.kalibraceteplomeru.cz a info@kalibracevlhkomeru.cz Akreditovan\u00e9 kalibrace jsou prov\u00e1d\u011bny Akreditovanou kalibra\u010dn\u00ed laborato\u0159\u00ed Scanlab Praha, akreditov\u00e1na \u010cIA pod \u010d\u00edslem K2373. Kalibra\u010dn\u00ed laborato\u0159 Scanlab Praha: akreditovan\u00e9 kalibrace laboratorn\u00edch pipet akreditovan\u00e9&hellip; <\/p>\n","protected":false},"author":1,"featured_media":0,"parent":0,"menu_order":0,"comment_status":"closed","ping_status":"closed","template":"","meta":{"spay_email":""},"_links":{"self":[{"href":"https:\/\/www.pipety.eu\/index.php?rest_route=\/wp\/v2\/pages\/166"}],"collection":[{"href":"https:\/\/www.pipety.eu\/index.php?rest_route=\/wp\/v2\/pages"}],"about":[{"href":"https:\/\/www.pipety.eu\/index.php?rest_route=\/wp\/v2\/types\/page"}],"author":[{"embeddable":true,"href":"https:\/\/www.pipety.eu\/index.php?rest_route=\/wp\/v2\/users\/1"}],"replies":[{"embeddable":true,"href":"https:\/\/www.pipety.eu\/index.php?rest_route=%2Fwp%2Fv2%2Fcomments&post=166"}],"version-history":[{"count":14,"href":"https:\/\/www.pipety.eu\/index.php?rest_route=\/wp\/v2\/pages\/166\/revisions"}],"predecessor-version":[{"id":2222,"href":"https:\/\/www.pipety.eu\/index.php?rest_route=\/wp\/v2\/pages\/166\/revisions\/2222"}],"wp:attachment":[{"href":"https:\/\/www.pipety.eu\/index.php?rest_route=%2Fwp%2Fv2%2Fmedia&parent=166"}],"curies":[{"name":"wp","href":"https:\/\/api.w.org\/{rel}","templated":true}]}}