{"id":163,"date":"2020-11-26T14:58:47","date_gmt":"2020-11-26T14:58:47","guid":{"rendered":"http:\/\/www.pipety.eu\/?page_id=163"},"modified":"2022-07-19T20:14:49","modified_gmt":"2022-07-19T20:14:49","slug":"uvodni-stranka","status":"publish","type":"page","link":"https:\/\/www.pipety.eu\/","title":{"rendered":"\u00davodn\u00ed str\u00e1nka"},"content":{"rendered":"\n<p>V\u00e1\u017een\u00ed n\u00e1v\u0161t\u011bvn\u00edci na\u0161ich str\u00e1nek, velice V\u00e1m d\u011bkujeme, \u017ee jste nav\u0161\u00edvili na\u0161e webov\u00e9 str\u00e1nky. Zab\u00fdv\u00e1me se prodejem a servisem laboratorn\u00edch pipet velice dlouhou dobu. Provozujeme i akreditovanou kalibra\u010dn\u00ed laborato\u0159. <strong>Proto pipety od n\u00e1s jsou automaticky v\u010detn\u011b akreditovan\u00e9 kalibrace, kter\u00e1 je u nov\u00fdch pipet v\u017edy zcela zdarma.<\/strong><\/p>\n\n\n\n<p>Nab\u00edz\u00edme V\u00e1m:<\/p>\n\n\n\n<div class=\"wp-block-columns\">\n<div class=\"wp-block-column\">\n<p class=\"has-text-align-center\"><strong><a href=\"https:\/\/www.pipety.eu\/?page_id=217\" data-type=\"page\" data-id=\"217\">Pipety Eppendorf<\/a><\/strong><\/p>\n\n\n\n<div class=\"wp-block-image\"><figure class=\"aligncenter size-large is-resized\"><img loading=\"lazy\" src=\"https:\/\/www.pipety.eu\/wp-content\/uploads\/2022\/03\/pecky.jpg\" alt=\"\" class=\"wp-image-1917\" width=\"159\" height=\"159\" srcset=\"https:\/\/www.pipety.eu\/wp-content\/uploads\/2022\/03\/pecky.jpg 800w, https:\/\/www.pipety.eu\/wp-content\/uploads\/2022\/03\/pecky-300x300.jpg 300w, https:\/\/www.pipety.eu\/wp-content\/uploads\/2022\/03\/pecky-150x150.jpg 150w, https:\/\/www.pipety.eu\/wp-content\/uploads\/2022\/03\/pecky-768x768.jpg 768w, https:\/\/www.pipety.eu\/wp-content\/uploads\/2022\/03\/pecky-512x512.jpg 512w, https:\/\/www.pipety.eu\/wp-content\/uploads\/2022\/03\/pecky-420x420.jpg 420w, https:\/\/www.pipety.eu\/wp-content\/uploads\/2022\/03\/pecky-75x75.jpg 75w, https:\/\/www.pipety.eu\/wp-content\/uploads\/2022\/03\/pecky-100x100.jpg 100w, https:\/\/www.pipety.eu\/wp-content\/uploads\/2022\/03\/pecky-60x60.jpg 60w, https:\/\/www.pipety.eu\/wp-content\/uploads\/2022\/03\/pecky-90x90.jpg 90w\" sizes=\"(max-width: 159px) 100vw, 159px\" \/><\/figure><\/div>\n<\/div>\n\n\n\n<div class=\"wp-block-column\">\n<p class=\"has-text-align-center\"><strong><a href=\"https:\/\/www.pipety.eu\/?page_id=29\" data-type=\"page\" data-id=\"29\">Pipety Finnpipette<\/a><\/strong><\/p>\n\n\n\n<div class=\"wp-block-image\"><figure class=\"aligncenter size-large is-resized\"><img loading=\"lazy\" src=\"https:\/\/www.pipety.eu\/wp-content\/uploads\/2022\/03\/F1-na-stojanu.jpg\" alt=\"\" class=\"wp-image-1918\" width=\"143\" height=\"143\" srcset=\"https:\/\/www.pipety.eu\/wp-content\/uploads\/2022\/03\/F1-na-stojanu.jpg 400w, https:\/\/www.pipety.eu\/wp-content\/uploads\/2022\/03\/F1-na-stojanu-300x300.jpg 300w, https:\/\/www.pipety.eu\/wp-content\/uploads\/2022\/03\/F1-na-stojanu-150x150.jpg 150w, https:\/\/www.pipety.eu\/wp-content\/uploads\/2022\/03\/F1-na-stojanu-75x75.jpg 75w, https:\/\/www.pipety.eu\/wp-content\/uploads\/2022\/03\/F1-na-stojanu-100x100.jpg 100w, https:\/\/www.pipety.eu\/wp-content\/uploads\/2022\/03\/F1-na-stojanu-60x60.jpg 60w, https:\/\/www.pipety.eu\/wp-content\/uploads\/2022\/03\/F1-na-stojanu-90x90.jpg 90w\" sizes=\"(max-width: 143px) 100vw, 143px\" \/><\/figure><\/div>\n<\/div>\n\n\n\n<div class=\"wp-block-column\">\n<p class=\"has-text-align-center\"><strong><a href=\"https:\/\/www.pipety.eu\/?page_id=785\" data-type=\"page\" data-id=\"785\">Pipety Socorex<\/a><\/strong><\/p>\n\n\n\n<div class=\"wp-block-image\"><figure class=\"aligncenter size-large is-resized\"><img loading=\"lazy\" src=\"https:\/\/www.pipety.eu\/wp-content\/uploads\/2022\/03\/Acura_manual_825_famille-749x1024.jpg\" alt=\"\" class=\"wp-image-1919\" width=\"137\" height=\"187\" srcset=\"https:\/\/www.pipety.eu\/wp-content\/uploads\/2022\/03\/Acura_manual_825_famille-749x1024.jpg 749w, https:\/\/www.pipety.eu\/wp-content\/uploads\/2022\/03\/Acura_manual_825_famille-219x300.jpg 219w, https:\/\/www.pipety.eu\/wp-content\/uploads\/2022\/03\/Acura_manual_825_famille-768x1050.jpg 768w, https:\/\/www.pipety.eu\/wp-content\/uploads\/2022\/03\/Acura_manual_825_famille-300x410.jpg 300w, https:\/\/www.pipety.eu\/wp-content\/uploads\/2022\/03\/Acura_manual_825_famille-44x60.jpg 44w, https:\/\/www.pipety.eu\/wp-content\/uploads\/2022\/03\/Acura_manual_825_famille-66x90.jpg 66w, https:\/\/www.pipety.eu\/wp-content\/uploads\/2022\/03\/Acura_manual_825_famille.jpg 839w\" sizes=\"(max-width: 137px) 100vw, 137px\" \/><\/figure><\/div>\n<\/div>\n<\/div>\n\n\n\n<div class=\"wp-block-columns\">\n<div class=\"wp-block-column\">\n<p class=\"has-text-align-center\"><strong><a href=\"https:\/\/www.pipety.eu\/?page_id=1601\" data-type=\"page\" data-id=\"1601\">Pipety Brand<\/a><\/strong><\/p>\n\n\n\n<div class=\"wp-block-image\"><figure class=\"aligncenter size-large is-resized\"><img loading=\"lazy\" src=\"https:\/\/www.pipety.eu\/wp-content\/uploads\/2022\/03\/Transferpette-S_1-kanal.jpg\" alt=\"\" class=\"wp-image-1920\" width=\"168\" height=\"125\" srcset=\"https:\/\/www.pipety.eu\/wp-content\/uploads\/2022\/03\/Transferpette-S_1-kanal.jpg 259w, https:\/\/www.pipety.eu\/wp-content\/uploads\/2022\/03\/Transferpette-S_1-kanal-80x60.jpg 80w, https:\/\/www.pipety.eu\/wp-content\/uploads\/2022\/03\/Transferpette-S_1-kanal-120x90.jpg 120w\" sizes=\"(max-width: 168px) 100vw, 168px\" \/><\/figure><\/div>\n<\/div>\n\n\n\n<div class=\"wp-block-column\">\n<p class=\"has-text-align-center\"><strong><a href=\"https:\/\/www.pipety.eu\/?page_id=1851\" data-type=\"page\" data-id=\"1851\">Pipety Accumax<\/a><\/strong><\/p>\n\n\n\n<div class=\"wp-block-image\"><figure class=\"aligncenter size-large is-resized\"><img loading=\"lazy\" src=\"https:\/\/www.pipety.eu\/wp-content\/uploads\/2022\/03\/fab-na-stojanku-1.png\" alt=\"\" class=\"wp-image-1921\" width=\"158\" height=\"158\" srcset=\"https:\/\/www.pipety.eu\/wp-content\/uploads\/2022\/03\/fab-na-stojanku-1.png 600w, https:\/\/www.pipety.eu\/wp-content\/uploads\/2022\/03\/fab-na-stojanku-1-300x300.png 300w, https:\/\/www.pipety.eu\/wp-content\/uploads\/2022\/03\/fab-na-stojanku-1-150x150.png 150w, https:\/\/www.pipety.eu\/wp-content\/uploads\/2022\/03\/fab-na-stojanku-1-512x512.png 512w, https:\/\/www.pipety.eu\/wp-content\/uploads\/2022\/03\/fab-na-stojanku-1-420x420.png 420w, https:\/\/www.pipety.eu\/wp-content\/uploads\/2022\/03\/fab-na-stojanku-1-75x75.png 75w, https:\/\/www.pipety.eu\/wp-content\/uploads\/2022\/03\/fab-na-stojanku-1-100x100.png 100w, https:\/\/www.pipety.eu\/wp-content\/uploads\/2022\/03\/fab-na-stojanku-1-60x60.png 60w, https:\/\/www.pipety.eu\/wp-content\/uploads\/2022\/03\/fab-na-stojanku-1-90x90.png 90w\" sizes=\"(max-width: 158px) 100vw, 158px\" \/><\/figure><\/div>\n<\/div>\n\n\n\n<div class=\"wp-block-column\">\n<p class=\"has-text-align-center\"><a href=\"https:\/\/www.pipety.eu\/?page_id=1520\" data-type=\"page\" data-id=\"1520\"><strong>D\u00e1vkova\u010de Socorex<\/strong><\/a><\/p>\n\n\n\n<div class=\"wp-block-image\"><figure class=\"aligncenter size-large is-resized\"><img loading=\"lazy\" src=\"https:\/\/www.pipety.eu\/wp-content\/uploads\/2022\/03\/520.jpg\" alt=\"\" class=\"wp-image-1935\" width=\"70\" height=\"139\" srcset=\"https:\/\/www.pipety.eu\/wp-content\/uploads\/2022\/03\/520.jpg 150w, https:\/\/www.pipety.eu\/wp-content\/uploads\/2022\/03\/520-30x60.jpg 30w, https:\/\/www.pipety.eu\/wp-content\/uploads\/2022\/03\/520-45x90.jpg 45w\" sizes=\"(max-width: 70px) 100vw, 70px\" \/><\/figure><\/div>\n<\/div>\n<\/div>\n\n\n\n<div class=\"wp-block-columns\">\n<div class=\"wp-block-column\">\n<p class=\"has-text-align-center has-luminous-vivid-orange-color has-text-color\"><strong><a href=\"https:\/\/www.pipety.eu\/?page_id=1954\" data-type=\"page\" data-id=\"1954\">Pipety Gilson<\/a><\/strong><\/p>\n\n\n\n<div class=\"wp-block-image\"><figure class=\"aligncenter size-large is-resized\"><img loading=\"lazy\" src=\"https:\/\/www.pipety.eu\/wp-content\/uploads\/2022\/04\/pipetman-M-12-2-1024x1024.jpg\" alt=\"\" class=\"wp-image-2151\" width=\"153\" height=\"153\" srcset=\"https:\/\/www.pipety.eu\/wp-content\/uploads\/2022\/04\/pipetman-M-12-2.jpg 1024w, https:\/\/www.pipety.eu\/wp-content\/uploads\/2022\/04\/pipetman-M-12-2-300x300.jpg 300w, https:\/\/www.pipety.eu\/wp-content\/uploads\/2022\/04\/pipetman-M-12-2-150x150.jpg 150w, https:\/\/www.pipety.eu\/wp-content\/uploads\/2022\/04\/pipetman-M-12-2-768x768.jpg 768w, https:\/\/www.pipety.eu\/wp-content\/uploads\/2022\/04\/pipetman-M-12-2-512x512.jpg 512w, https:\/\/www.pipety.eu\/wp-content\/uploads\/2022\/04\/pipetman-M-12-2-420x420.jpg 420w, https:\/\/www.pipety.eu\/wp-content\/uploads\/2022\/04\/pipetman-M-12-2-75x75.jpg 75w, https:\/\/www.pipety.eu\/wp-content\/uploads\/2022\/04\/pipetman-M-12-2-100x100.jpg 100w, https:\/\/www.pipety.eu\/wp-content\/uploads\/2022\/04\/pipetman-M-12-2-60x60.jpg 60w, https:\/\/www.pipety.eu\/wp-content\/uploads\/2022\/04\/pipetman-M-12-2-90x90.jpg 90w\" sizes=\"(max-width: 153px) 100vw, 153px\" \/><\/figure><\/div>\n<\/div>\n\n\n\n<div class=\"wp-block-column\"><\/div>\n\n\n\n<div class=\"wp-block-column\"><\/div>\n<\/div>\n\n\n\n<div class=\"wp-block-columns\">\n<div class=\"wp-block-column\" style=\"flex-basis:66.66%\">\n<p>V\u0161echny pipety a d\u00e1vkava\u010de jsou dod\u00e1v\u00e1ny v\u010detn\u011b akreditovan\u00e9 kalibrace. Provozujeme tak\u00e9 <strong>Kalibra\u010dn\u00ed laborato\u0159 Scanlab Praha<\/strong>. Za kalibrace nic nep\u0159ipl\u00e1c\u00edte, jsou pro V\u00e1s zdarma a m\u016f\u017eete si i vybrat v jak\u00fdch bodech m\u00e1 b\u00fdt kalibrace provedena.<\/p>\n\n\n\n<p>V\u00edce informac\u00ed nalezente <a href=\"http:\/\/www.kalibracepipet.cz\">ZDE<\/a>.<\/p>\n<\/div>\n\n\n\n<div class=\"wp-block-column\" style=\"flex-basis:33.33%\">\n<div class=\"wp-block-image\"><figure class=\"aligncenter size-large is-resized\"><img loading=\"lazy\" src=\"https:\/\/www.pipety.eu\/wp-content\/uploads\/2022\/03\/K-2373-template_c.gif\" alt=\"\" class=\"wp-image-1943\" width=\"109\" height=\"104\"\/><\/figure><\/div>\n<\/div>\n<\/div>\n\n\n\n<div class=\"wp-block-columns\">\n<div class=\"wp-block-column\">\n<p><strong>Nab\u00edz\u00edme V\u00e1m kalibrace i dal\u0161\u00edch m\u011b\u0159idel:<\/strong><\/p>\n\n\n\n<ul class=\"has-black-color has-text-color\"><li>pipety a d\u00e1vkova\u010de, <a href=\"http:\/\/www.kalibracepipet.cz\" target=\"_blank\" rel=\"noreferrer noopener\">WEB<\/a><\/li><li>elektronick\u00e9 a sklen\u011bn\u00e9 teplom\u011bry, <a href=\"http:\/\/www.kalibraceteplomeru.cz\" target=\"_blank\" rel=\"noreferrer noopener\">WEB<\/a><\/li><li>teplota a homogenity teplotn\u00edho pole lednic a mraz\u00e1k\u016f, <a href=\"http:\/\/www.kalibraceteplomeru.cz\" target=\"_blank\" rel=\"noreferrer noopener\">WEB<\/a><\/li><li>elektronick\u00e9 vlhkom\u011bry, <a href=\"http:\/\/www.kalibracevlhkomeru.cz\" target=\"_blank\" rel=\"noreferrer noopener\">WEB<\/a><\/li><\/ul>\n<\/div>\n<\/div>\n","protected":false},"excerpt":{"rendered":"<p>V\u00e1\u017een\u00ed n\u00e1v\u0161t\u011bvn\u00edci na\u0161ich str\u00e1nek, velice V\u00e1m d\u011bkujeme, \u017ee jste nav\u0161\u00edvili na\u0161e webov\u00e9 str\u00e1nky. Zab\u00fdv\u00e1me se prodejem a servisem laboratorn\u00edch pipet velice dlouhou dobu. Provozujeme i akreditovanou kalibra\u010dn\u00ed laborato\u0159. Proto pipety od n\u00e1s jsou automaticky v\u010detn\u011b akreditovan\u00e9 kalibrace, kter\u00e1 je u nov\u00fdch pipet v\u017edy zcela zdarma. Nab\u00edz\u00edme V\u00e1m: Pipety Eppendorf Pipety&hellip; <\/p>\n","protected":false},"author":1,"featured_media":0,"parent":0,"menu_order":0,"comment_status":"closed","ping_status":"closed","template":"","meta":{"spay_email":""},"_links":{"self":[{"href":"https:\/\/www.pipety.eu\/index.php?rest_route=\/wp\/v2\/pages\/163"}],"collection":[{"href":"https:\/\/www.pipety.eu\/index.php?rest_route=\/wp\/v2\/pages"}],"about":[{"href":"https:\/\/www.pipety.eu\/index.php?rest_route=\/wp\/v2\/types\/page"}],"author":[{"embeddable":true,"href":"https:\/\/www.pipety.eu\/index.php?rest_route=\/wp\/v2\/users\/1"}],"replies":[{"embeddable":true,"href":"https:\/\/www.pipety.eu\/index.php?rest_route=%2Fwp%2Fv2%2Fcomments&post=163"}],"version-history":[{"count":42,"href":"https:\/\/www.pipety.eu\/index.php?rest_route=\/wp\/v2\/pages\/163\/revisions"}],"predecessor-version":[{"id":2191,"href":"https:\/\/www.pipety.eu\/index.php?rest_route=\/wp\/v2\/pages\/163\/revisions\/2191"}],"wp:attachment":[{"href":"https:\/\/www.pipety.eu\/index.php?rest_route=%2Fwp%2Fv2%2Fmedia&parent=163"}],"curies":[{"name":"wp","href":"https:\/\/api.w.org\/{rel}","templated":true}]}}