{"id":1601,"date":"2021-09-06T13:14:08","date_gmt":"2021-09-06T13:14:08","guid":{"rendered":"http:\/\/www.pipety.eu\/?page_id=1601"},"modified":"2021-09-15T05:43:42","modified_gmt":"2021-09-15T05:43:42","slug":"pipety-brand","status":"publish","type":"page","link":"https:\/\/www.pipety.eu\/?page_id=1601","title":{"rendered":"Pipety Brand"},"content":{"rendered":"\n<p class=\"has-large-font-size\"><strong>Pipety Brand<\/strong><\/p>\n\n\n\n<p>Pipety Brand se vyzna\u010duj\u00ed velice jednoduch\u00fdm ovl\u00e1d\u00e1n\u00edm a vysokou p\u0159esnost\u00ed. Pipety jsou vhodn\u00e9 i do velmi n\u00e1ro\u010dn\u00e9ho provozu. Jsou velice robustn\u00ed a vy\u017eaduj\u00ed jen velmi malou ovl\u00e1dac\u00ed s\u00edlu.<\/p>\n\n\n\n<p><strong>Z\u00e1kladn\u00ed vlastnosti:<\/strong><\/p>\n\n\n\n<div class=\"wp-block-columns\">\n<div class=\"wp-block-column\">\n<ul id=\"block-df5545f5-0b48-427d-a335-20ed0dcd6aef\"><li>jednoduch\u00e9 ovl\u00e1dan\u00ed<\/li><li>samostatn\u00e9 tla\u010d\u00edtko pro ovl\u00e1d\u00e1n\u00ed vyhazova\u010de \u0161pi\u010dek<\/li><li>n\u00edzk\u00e1 hmostnost<\/li><li>odli\u0161iteln\u00e9 barevn\u00e9 ozna\u010den\u00ed<\/li><li>uzam\u010den\u00ed d\u00e1vkovan\u00e9ho objemu<\/li><li>jednoduch\u00e9 a rychl\u00e9 justov\u00e1n\u00ed pipety<\/li><li>samoz\u0159ejm\u011b s akreditovanou kalibrac\u00ed zdarma<\/li><\/ul>\n<\/div>\n\n\n\n<div class=\"wp-block-column\">\n<figure class=\"wp-block-image size-large is-resized\"><img loading=\"lazy\" src=\"https:\/\/www.pipety.eu\/wp-content\/uploads\/2021\/09\/Brand_stoj-6-pipet-1.jpg\" alt=\"\" class=\"wp-image-1604\" width=\"200\" height=\"271\" srcset=\"https:\/\/www.pipety.eu\/wp-content\/uploads\/2021\/09\/Brand_stoj-6-pipet-1.jpg 739w, https:\/\/www.pipety.eu\/wp-content\/uploads\/2021\/09\/Brand_stoj-6-pipet-1-222x300.jpg 222w, https:\/\/www.pipety.eu\/wp-content\/uploads\/2021\/09\/Brand_stoj-6-pipet-1-300x406.jpg 300w, https:\/\/www.pipety.eu\/wp-content\/uploads\/2021\/09\/Brand_stoj-6-pipet-1-44x60.jpg 44w, https:\/\/www.pipety.eu\/wp-content\/uploads\/2021\/09\/Brand_stoj-6-pipet-1-67x90.jpg 67w\" sizes=\"(max-width: 200px) 100vw, 200px\" \/><\/figure>\n<\/div>\n<\/div>\n\n\n\n<p><strong>Kvalitn\u00ed a p\u0159esn\u00e9 pipety Brand nab\u00edz\u00edme v t\u011bchto verz\u00edch:<\/strong><\/p>\n\n\n\n<div class=\"wp-block-columns\">\n<div class=\"wp-block-column\">\n<figure class=\"wp-block-image size-large is-resized\"><img loading=\"lazy\" src=\"https:\/\/www.pipety.eu\/wp-content\/uploads\/2021\/09\/pipety-Brand-1024x1024.jpg\" alt=\"\" class=\"wp-image-1605\" width=\"247\" height=\"247\" srcset=\"https:\/\/www.pipety.eu\/wp-content\/uploads\/2021\/09\/pipety-Brand-1024x1024.jpg 1024w, https:\/\/www.pipety.eu\/wp-content\/uploads\/2021\/09\/pipety-Brand-300x300.jpg 300w, https:\/\/www.pipety.eu\/wp-content\/uploads\/2021\/09\/pipety-Brand-150x150.jpg 150w, https:\/\/www.pipety.eu\/wp-content\/uploads\/2021\/09\/pipety-Brand-768x768.jpg 768w, https:\/\/www.pipety.eu\/wp-content\/uploads\/2021\/09\/pipety-Brand-1536x1536.jpg 1536w, https:\/\/www.pipety.eu\/wp-content\/uploads\/2021\/09\/pipety-Brand-2048x2048.jpg 2048w, https:\/\/www.pipety.eu\/wp-content\/uploads\/2021\/09\/pipety-Brand-512x512.jpg 512w, https:\/\/www.pipety.eu\/wp-content\/uploads\/2021\/09\/pipety-Brand-420x420.jpg 420w, https:\/\/www.pipety.eu\/wp-content\/uploads\/2021\/09\/pipety-Brand-75x75.jpg 75w, https:\/\/www.pipety.eu\/wp-content\/uploads\/2021\/09\/pipety-Brand-100x100.jpg 100w, https:\/\/www.pipety.eu\/wp-content\/uploads\/2021\/09\/pipety-Brand-60x60.jpg 60w, https:\/\/www.pipety.eu\/wp-content\/uploads\/2021\/09\/pipety-Brand-90x90.jpg 90w\" sizes=\"(max-width: 247px) 100vw, 247px\" \/><\/figure>\n<\/div>\n\n\n\n<div class=\"wp-block-column\">\n<ul id=\"block-798be5cd-6c41-4c07-83d8-3a8472e8d611\"><li>1 kan\u00e1lov\u00e9 s fixn\u00edm objemem od 10 do 1000\u00b5l<\/li><li>1 kan\u00e1lov\u00e9 s variabiln\u00edm objemem od 0,1-20\u00b5l a\u017e do 1000-1000\u00b5l<\/li><li>8 a 12 kan\u00e1lov\u00e9 manu\u00e1ln\u00ed<\/li><li>8 a 12 kan\u00e1lov\u00e9 elektronick\u00e9<\/li><\/ul>\n<\/div>\n<\/div>\n\n\n\n<div class=\"wp-block-columns\">\n<div class=\"wp-block-column\">\n<p><strong>Jednokan\u00e1lov\u00e9 pipety Brand Transferpette S<\/strong><\/p>\n\n\n\n<figure class=\"wp-block-image size-large is-resized\"><img loading=\"lazy\" src=\"http:\/\/www.pipety.eu\/wp-content\/uploads\/2021\/09\/Transferpette-S_1-kanal-2.jpg\" alt=\"\" class=\"wp-image-1614\" width=\"213\" height=\"159\" srcset=\"https:\/\/www.pipety.eu\/wp-content\/uploads\/2021\/09\/Transferpette-S_1-kanal-2.jpg 259w, https:\/\/www.pipety.eu\/wp-content\/uploads\/2021\/09\/Transferpette-S_1-kanal-2-80x60.jpg 80w, https:\/\/www.pipety.eu\/wp-content\/uploads\/2021\/09\/Transferpette-S_1-kanal-2-120x90.jpg 120w\" sizes=\"(max-width: 213px) 100vw, 213px\" \/><\/figure>\n\n\n\n<div class=\"wp-block-buttons\">\n<div class=\"wp-block-button is-style-outline\"><a class=\"wp-block-button__link has-luminous-vivid-amber-background-color has-background\" href=\"https:\/\/www.pipety.eu\/?page_id=1610\">Nab\u00eddka pipet<\/a><\/div>\n<\/div>\n<\/div>\n\n\n\n<div class=\"wp-block-column\">\n<p><strong>V\u00edcekan\u00e1lov\u00e9 pipety Brand Transferpette S<\/strong><\/p>\n\n\n\n<figure class=\"wp-block-image size-large is-resized\"><img loading=\"lazy\" src=\"http:\/\/www.pipety.eu\/wp-content\/uploads\/2021\/09\/Transferpette_8-kanal.jpg\" alt=\"\" class=\"wp-image-1562\" width=\"128\" height=\"154\" srcset=\"https:\/\/www.pipety.eu\/wp-content\/uploads\/2021\/09\/Transferpette_8-kanal.jpg 650w, https:\/\/www.pipety.eu\/wp-content\/uploads\/2021\/09\/Transferpette_8-kanal-247x300.jpg 247w, https:\/\/www.pipety.eu\/wp-content\/uploads\/2021\/09\/Transferpette_8-kanal-300x364.jpg 300w\" sizes=\"(max-width: 128px) 100vw, 128px\" \/><\/figure>\n\n\n\n<div class=\"wp-block-buttons\">\n<div class=\"wp-block-button is-style-outline\"><a class=\"wp-block-button__link has-luminous-vivid-amber-background-color has-background\" href=\"https:\/\/www.pipety.eu\/?page_id=1626\">Nab\u00eddka pipet<\/a><\/div>\n<\/div>\n<\/div>\n<\/div>\n\n\n\n<div class=\"wp-block-columns\">\n<div class=\"wp-block-column\">\n<p><strong>Elektronick\u00e9 pipety Brand<\/strong><\/p>\n\n\n\n<figure class=\"wp-block-image size-large is-resized\"><img loading=\"lazy\" src=\"http:\/\/www.pipety.eu\/wp-content\/uploads\/2021\/09\/brand_1K-electro-1.jpg\" alt=\"\" class=\"wp-image-1647\" width=\"180\" height=\"134\" srcset=\"https:\/\/www.pipety.eu\/wp-content\/uploads\/2021\/09\/brand_1K-electro-1.jpg 400w, https:\/\/www.pipety.eu\/wp-content\/uploads\/2021\/09\/brand_1K-electro-1-300x225.jpg 300w, https:\/\/www.pipety.eu\/wp-content\/uploads\/2021\/09\/brand_1K-electro-1-80x60.jpg 80w, https:\/\/www.pipety.eu\/wp-content\/uploads\/2021\/09\/brand_1K-electro-1-120x90.jpg 120w\" sizes=\"(max-width: 180px) 100vw, 180px\" \/><\/figure>\n\n\n\n<div class=\"wp-block-buttons\">\n<div class=\"wp-block-button is-style-outline\"><a class=\"wp-block-button__link has-luminous-vivid-amber-background-color has-background\" href=\"https:\/\/www.pipety.eu\/?page_id=1641\">Nab\u00eddka pipet<\/a><\/div>\n<\/div>\n<\/div>\n\n\n\n<div class=\"wp-block-column\"><\/div>\n<\/div>\n","protected":false},"excerpt":{"rendered":"<p>Pipety Brand Pipety Brand se vyzna\u010duj\u00ed velice jednoduch\u00fdm ovl\u00e1d\u00e1n\u00edm a vysokou p\u0159esnost\u00ed. Pipety jsou vhodn\u00e9 i do velmi n\u00e1ro\u010dn\u00e9ho provozu. Jsou velice robustn\u00ed a vy\u017eaduj\u00ed jen velmi malou ovl\u00e1dac\u00ed s\u00edlu. Z\u00e1kladn\u00ed vlastnosti: jednoduch\u00e9 ovl\u00e1dan\u00ed samostatn\u00e9 tla\u010d\u00edtko pro ovl\u00e1d\u00e1n\u00ed vyhazova\u010de \u0161pi\u010dek n\u00edzk\u00e1 hmostnost odli\u0161iteln\u00e9 barevn\u00e9 ozna\u010den\u00ed uzam\u010den\u00ed d\u00e1vkovan\u00e9ho objemu jednoduch\u00e9 a&hellip; <\/p>\n","protected":false},"author":1,"featured_media":0,"parent":0,"menu_order":0,"comment_status":"closed","ping_status":"closed","template":"","meta":{"spay_email":""},"_links":{"self":[{"href":"https:\/\/www.pipety.eu\/index.php?rest_route=\/wp\/v2\/pages\/1601"}],"collection":[{"href":"https:\/\/www.pipety.eu\/index.php?rest_route=\/wp\/v2\/pages"}],"about":[{"href":"https:\/\/www.pipety.eu\/index.php?rest_route=\/wp\/v2\/types\/page"}],"author":[{"embeddable":true,"href":"https:\/\/www.pipety.eu\/index.php?rest_route=\/wp\/v2\/users\/1"}],"replies":[{"embeddable":true,"href":"https:\/\/www.pipety.eu\/index.php?rest_route=%2Fwp%2Fv2%2Fcomments&post=1601"}],"version-history":[{"count":11,"href":"https:\/\/www.pipety.eu\/index.php?rest_route=\/wp\/v2\/pages\/1601\/revisions"}],"predecessor-version":[{"id":1690,"href":"https:\/\/www.pipety.eu\/index.php?rest_route=\/wp\/v2\/pages\/1601\/revisions\/1690"}],"wp:attachment":[{"href":"https:\/\/www.pipety.eu\/index.php?rest_route=%2Fwp%2Fv2%2Fmedia&parent=1601"}],"curies":[{"name":"wp","href":"https:\/\/api.w.org\/{rel}","templated":true}]}}