{"id":1468,"date":"2021-08-29T11:32:17","date_gmt":"2021-08-29T11:32:17","guid":{"rendered":"http:\/\/www.pipety.eu\/?page_id=1468"},"modified":"2021-08-29T13:12:58","modified_gmt":"2021-08-29T13:12:58","slug":"socorex-calibrex","status":"publish","type":"page","link":"https:\/\/www.pipety.eu\/?page_id=1468","title":{"rendered":"Socorex Calibrex 520"},"content":{"rendered":"\n<p class=\"has-large-font-size\"><strong>Socorex Calibrex 520<\/strong><\/p>\n\n\n\n<p>Univerz\u00e1ln\u00ed lahvov\u00fd d\u00e1vkova\u010d s objemem od 0,25 do 10 ml. <\/p>\n\n\n\n<div class=\"wp-block-columns\">\n<div class=\"wp-block-column\" style=\"flex-basis:66.66%\">\n<ul id=\"block-ff55d197-f7fc-4a2f-9df3-b6120a8c8d33\"><li>odoln\u00fd proti velk\u00e9mu mno\u017estv\u00ed chemik\u00e1li\u00ed<\/li><li>jednoduch\u00e1 konstrukce zaru\u010duje dlouhou \u017eivotnost<\/li><li>mo\u017enost ovl\u00e1d\u00e1n\u00ed jednou rukou<\/li><li>d\u00e1vkova\u010d je opat\u0159en QR k\u00f3dem, kter\u00fd odkazuje na web, kde jsou uvedeny chemick\u00e9 l\u00e1tky, proti kter\u00fdm je d\u00e1vkova\u010d resistentn\u00ed<\/li><li>autokl\u00e1vovateln\u00fd do 121\u00b0C<\/li><\/ul>\n<\/div>\n\n\n\n<div class=\"wp-block-column\" style=\"flex-basis:33.33%\">\n<figure class=\"wp-block-image size-large is-resized\"><img loading=\"lazy\" src=\"https:\/\/www.pipety.eu\/wp-content\/uploads\/2021\/08\/calibraex-2.jpg\" alt=\"\" class=\"wp-image-1471\" width=\"282\" height=\"282\" srcset=\"https:\/\/www.pipety.eu\/wp-content\/uploads\/2021\/08\/calibraex-2.jpg 800w, https:\/\/www.pipety.eu\/wp-content\/uploads\/2021\/08\/calibraex-2-300x300.jpg 300w, https:\/\/www.pipety.eu\/wp-content\/uploads\/2021\/08\/calibraex-2-150x150.jpg 150w, https:\/\/www.pipety.eu\/wp-content\/uploads\/2021\/08\/calibraex-2-768x768.jpg 768w, https:\/\/www.pipety.eu\/wp-content\/uploads\/2021\/08\/calibraex-2-512x512.jpg 512w, https:\/\/www.pipety.eu\/wp-content\/uploads\/2021\/08\/calibraex-2-420x420.jpg 420w, https:\/\/www.pipety.eu\/wp-content\/uploads\/2021\/08\/calibraex-2-75x75.jpg 75w, https:\/\/www.pipety.eu\/wp-content\/uploads\/2021\/08\/calibraex-2-100x100.jpg 100w, https:\/\/www.pipety.eu\/wp-content\/uploads\/2021\/08\/calibraex-2-60x60.jpg 60w, https:\/\/www.pipety.eu\/wp-content\/uploads\/2021\/08\/calibraex-2-90x90.jpg 90w\" sizes=\"(max-width: 282px) 100vw, 282px\" \/><\/figure>\n<\/div>\n<\/div>\n\n\n\n<div data-checkout_url='https:\/\/www.pipety.eu\/?page_id=8' data-temp_number='1476' data-add_to_cart='P\u0159idat do ko\u0161\u00edku' data-add_to_cart='P\u0159idat do ko\u0161\u00edku' data-site_url='https:\/\/www.pipety.eu' id='table_id_1476' class='normal_table_wrapper detected_device__wrapper  wpt_temporary_wrapper_1476  wpt_id_1476 wpt_product_table_wrapper custom_wrapper woocommerce wpt_no_checked_table wpt_pagination_ajax wpt_device_desktop' ><div class='tables_cart_message_box tables_cart_message_box_1476' data-type='load'><\/div><button data-type=\"query\" data-temp_number=\"1476\" id=\"wpt_query_search_button_1476\" class=\"button wpt_search_button query_button wpt_query_search_button wpt_query_search_button_1476\" style=\"visibility: hidden;height:1px;\"><\/button><br class=\"wpt_clear\"><div data-product_id=\"1476\" class=\"wpt_second_wrapper wpt_second_wrapper_1476\">\r\n    <div class=\"wpt_second_content\">\r\n    <\/div>\r\n<\/div>    \r\n    <div class=\"wpt_table_tag_wrapper\"><table data-page_number='2' data-temp_number='1476' data-config_json='{&quot;0&quot;:&quot;Socorex Calibrex&quot;,&quot;plugin_version&quot;:&quot;2.8.5&quot;,&quot;plugin_name&quot;:&quot;WOO Product Table&quot;,&quot;disable_plugin_noti&quot;:&quot;on&quot;,&quot;custom_add_to_cart&quot;:&quot;add_cart_no_icon&quot;,&quot;footer_cart&quot;:&quot;always_show&quot;,&quot;footer_bg_color&quot;:&quot;#71e2df&quot;,&quot;footer_possition&quot;:&quot;bottom_right&quot;,&quot;footer_cart_size&quot;:&quot;55&quot;,&quot;sort_mini_filter&quot;:&quot;ASC&quot;,&quot;sort_searchbox_filter&quot;:&quot;ASC&quot;,&quot;thumbs_image_size&quot;:&quot;60&quot;,&quot;popup_notice&quot;:&quot;1&quot;,&quot;product_link_target&quot;:&quot;_blank&quot;,&quot;product_direct_checkout&quot;:&quot;no&quot;,&quot;all_selected_direct_checkout&quot;:&quot;no&quot;,&quot;disable_cat_tag_link&quot;:&quot;0&quot;,&quot;disable_loading_more&quot;:&quot;load_more_hidden&quot;,&quot;instant_search_filter&quot;:&quot;0&quot;,&quot;product_not_founded&quot;:&quot;Produkt nenalezen!&quot;,&quot;load_more_text&quot;:&quot;Nahr\\u00e1t dal\\u0161\\u00ed&quot;,&quot;search_button_text&quot;:&quot;Hledat&quot;,&quot;search_keyword_text&quot;:&quot;Hledan\\u00e9 slovo&quot;,&quot;loading_more_text&quot;:&quot;Nahr\\u00e1v\\u00e1....&quot;,&quot;instant_search_text&quot;:&quot;Hled\\u00e1n\\u00ed.....&quot;,&quot;filter_text&quot;:&quot;Filtr:&quot;,&quot;filter_reset_button&quot;:&quot;Reset&quot;,&quot;item&quot;:&quot;Polo\\u017eka&quot;,&quot;items&quot;:&quot;Polo\\u017eky&quot;,&quot;item_count&quot;:&quot;&quot;,&quot;add2cart_all_added_text&quot;:&quot;P\\u0159id\\u00e1no&quot;,&quot;search_box_title&quot;:&quot;Vyhled\\u00e1v\\u00e1n\\u00ed (&lt;small&gt;All Fields Optional&lt;\\\/small&gt;)&quot;,&quot;search_box_searchkeyword&quot;:&quot;Hledan\\u00e9 slovo&quot;,&quot;search_box_orderby&quot;:&quot;Objedn\\u00e1no k\\u00fdm&quot;,&quot;search_box_order&quot;:&quot;Objedn\\u00e1vka&quot;,&quot;quick_view_btn_text&quot;:&quot;Rychl\\u00fd n\\u00e1hled&quot;,&quot;yith_browse_list&quot;:&quot;Hledat v seznamu&quot;,&quot;yith_add_to_quote_text&quot;:&quot;Vlo\\u017eit do po\\u017eadavku&quot;,&quot;yith_add_to_quote_adding&quot;:&quot;P\\u0159id\\u00e1v\\u00e1n\\u00ed....&quot;,&quot;yith_add_to_quote_added&quot;:&quot;Quoted&quot;,&quot;right_combination_message&quot;:&quot;Nedostupn\\u00e9&quot;,&quot;right_combination_message_alt&quot;:&quot;Varianta produktu nen\\u00ed spr\\u00e1vn\\u00e1. Mo\\u017en\\u00e1 nen\\u00ed ur\\u010den\\u00e1 cena. Mo\\u017en\\u00e1 nen\\u00ed na sklad\\u011b. may be: Out of Stock.&quot;,&quot;select_all_items_message&quot;:&quot;Pros\\u00edm vyberte polo\\u017eky&quot;,&quot;out_of_stock_message&quot;:&quot;Nen\\u00ed na sklad\\u011b&quot;,&quot;no_more_query_message&quot;:&quot;There is no more products based on current Query.&quot;,&quot;adding_in_progress&quot;:&quot;Prob\\u00edh\\u00e1 p\\u0159id\\u00e1v\\u00e1n\\u00ed&quot;,&quot;no_right_combination&quot;:&quot;No Right Combination&quot;,&quot;sorry_plz_right_combination&quot;:&quot;Sorry, Please choose right combination.&quot;,&quot;sorry_out_of_stock&quot;:&quot;Omlouv\\u00e1m se, nen\\u00ed skladem.&quot;,&quot;type_your_message&quot;:&quot;Napi\\u0161te sv\\u00e9 sd\\u011blen\\u00ed.&quot;}' data-data_json='{&quot;args&quot;:{&quot;posts_per_page&quot;:20,&quot;post_type&quot;:[&quot;product&quot;],&quot;post_status&quot;:&quot;publish&quot;,&quot;meta_query&quot;:[],&quot;wpt_query_type&quot;:&quot;default&quot;,&quot;orderby&quot;:&quot;name&quot;,&quot;order&quot;:&quot;ASC&quot;,&quot;table_ID&quot;:1476,&quot;paged&quot;:1,&quot;tax_query&quot;:{&quot;product_cat_IN&quot;:{&quot;taxonomy&quot;:&quot;product_cat&quot;,&quot;field&quot;:&quot;id&quot;,&quot;terms&quot;:[&quot;94&quot;],&quot;operator&quot;:&quot;IN&quot;},&quot;relation&quot;:&quot;AND&quot;}},&quot;wpt_table_column_keywords&quot;:{&quot;product_title&quot;:&quot;product_title&quot;,&quot;stock&quot;:&quot;stock&quot;,&quot;quantity&quot;:&quot;quantity&quot;,&quot;price&quot;:&quot;price&quot;,&quot;action&quot;:&quot;action&quot;},&quot;wpt_product_short&quot;:&quot;ASC&quot;,&quot;wpt_permitted_td&quot;:{&quot;product_title&quot;:true,&quot;stock&quot;:true,&quot;quantity&quot;:true,&quot;price&quot;:true,&quot;action&quot;:true},&quot;wpt_add_to_cart_text&quot;:&quot;P\\u0159idat do ko\\u0161\\u00edku&quot;,&quot;temp_number&quot;:1476,&quot;texonomy_key&quot;:[],&quot;customfield_key&quot;:[],&quot;filter_key&quot;:[&quot;product_cat&quot;,&quot;product_tag&quot;],&quot;filter_box&quot;:false,&quot;description_type&quot;:&quot;short_description&quot;,&quot;ajax_action&quot;:&quot;ajax_active&quot;,&quot;table_type&quot;:&quot;normal_table&quot;,&quot;checkbox&quot;:&quot;wpt_no_checked_table&quot;}' data-data_json_backup='{&quot;args&quot;:{&quot;posts_per_page&quot;:20,&quot;post_type&quot;:[&quot;product&quot;],&quot;post_status&quot;:&quot;publish&quot;,&quot;meta_query&quot;:[],&quot;wpt_query_type&quot;:&quot;default&quot;,&quot;orderby&quot;:&quot;name&quot;,&quot;order&quot;:&quot;ASC&quot;,&quot;table_ID&quot;:1476,&quot;paged&quot;:1,&quot;tax_query&quot;:{&quot;product_cat_IN&quot;:{&quot;taxonomy&quot;:&quot;product_cat&quot;,&quot;field&quot;:&quot;id&quot;,&quot;terms&quot;:[&quot;94&quot;],&quot;operator&quot;:&quot;IN&quot;},&quot;relation&quot;:&quot;AND&quot;}},&quot;wpt_table_column_keywords&quot;:{&quot;product_title&quot;:&quot;product_title&quot;,&quot;stock&quot;:&quot;stock&quot;,&quot;quantity&quot;:&quot;quantity&quot;,&quot;price&quot;:&quot;price&quot;,&quot;action&quot;:&quot;action&quot;},&quot;wpt_product_short&quot;:&quot;ASC&quot;,&quot;wpt_permitted_td&quot;:{&quot;product_title&quot;:true,&quot;stock&quot;:true,&quot;quantity&quot;:true,&quot;price&quot;:true,&quot;action&quot;:true},&quot;wpt_add_to_cart_text&quot;:&quot;P\\u0159idat do ko\\u0161\\u00edku&quot;,&quot;temp_number&quot;:1476,&quot;texonomy_key&quot;:[],&quot;customfield_key&quot;:[],&quot;filter_key&quot;:[&quot;product_cat&quot;,&quot;product_tag&quot;],&quot;filter_box&quot;:false,&quot;description_type&quot;:&quot;short_description&quot;,&quot;ajax_action&quot;:&quot;ajax_active&quot;,&quot;table_type&quot;:&quot;normal_table&quot;,&quot;checkbox&quot;:&quot;wpt_no_checked_table&quot;}' id='wpt_table' class='mobile_responsive normal_table device_for_colum wpt_temporary_table_1476 wpt_product_table custom_table no_custom_style_table  add_cart_no_icon' ><thead><tr data-temp_number=\"1476\" class=\"wpt_table_header_row wpt_table_head\"><th class='wpt_product_title'>Produkt<\/th><th class='wpt_stock'>Dostupnost<\/th><th class='wpt_quantity'>Mno\u017estv\u00ed<\/th><th class='wpt_price'>Cena<\/th><th class='wpt_action'>P\u0159idat do ko\u0161\u00edku<\/th><\/tr><\/thead><tbody><tr role='row' data-title='Socorex Calibrex 0,25-2 ml' data-product_id='1473' data-temp_number='1476' data-type='simple' data-parent_id='0' data-quantity='1' data-href='https:\/\/www.pipety.eu\/?product=socorex-calibrex-025-2-ml' id='product_id_1473' class='visible_row wpt_row wpt_row_1476 wpt_row_serial_1 wpt_row_product_id_1473 product_id_1473 no_filter simple product_type_simple stock_status_instock backorders_no sku_502.002 status_publish' data-product_variations='' >        <td class=\"td_or_cell wpt_product_title wpt_temp_1476 type_default type_name_Default tag_\"  \r\n            data-keyword=\"product_title\" \r\n            data-temp_number=\"1476\" \r\n            data-sku=\"502.002\"\r\n            style=\"\"\r\n            >    \r\n            <div class='col_inside_tag product_title ' data-keyword='product_title' data-sku='502.002' ><a class='wpt_product_title_in_td' target='_blank' href='https:\/\/www.pipety.eu\/?product=socorex-calibrex-025-2-ml'>Socorex Calibrex 0,25-2 ml<\/a><\/div>        <\/td>    \r\n                <td class=\"td_or_cell wpt_stock wpt_temp_1476 wpt_for_product_desc type_default type_name_Default tag_\"  \r\n            data-keyword=\"stock\" \r\n            data-temp_number=\"1476\" \r\n            data-sku=\"502.002\"\r\n            style=\"\"\r\n            >    \r\n            <div class='col_inside_tag stock ' data-keyword='stock' data-sku='502.002' ><p class=\"stock in-stock\">2 skladem<\/p>\n<\/div>        <\/td>    \r\n                <td class=\"td_or_cell wpt_quantity wpt_temp_1476 wpt_for_product_desc type_default type_name_Default tag_\"  \r\n            data-keyword=\"quantity\" \r\n            data-temp_number=\"1476\" \r\n            data-sku=\"502.002\"\r\n            style=\"\"\r\n            >    \r\n            <div class='col_inside_tag quantity ' data-keyword='quantity' data-sku='502.002' >\t<div class=\"qib-button qib-button-wrapper\">\r\n\t\r\n\t\t<label class=\"screen-reader-text\" for=\"quantity_69f274ae2536c\">Quantity<\/label>\r\n\t\t\r\n                <button type=\"button\" class=\"minus qib-button\">-<\/button>\r\n                <div class=\"quantity wqpmb_quantity\">\r\n                    <input\r\n\t\t\ttype=\"number\"\r\n\t\t\tid=\"quantity_69f274ae2536c\"\r\n\t\t\tclass=\"wqpmb_input_text input-text qty text\"\r\n\t\t\tstep=\"1\"\r\n\t\t\tmin=\"0\"\r\n\t\t\tmax=\"\"\r\n\t\t\tname=\"quantity\"\r\n\t\t\tvalue=\"1\"\r\n\t\t\ttitle=\"Qty\"\r\n\t\t\tsize=\"4\"\r\n\t\t\tplaceholder=\"\"\r\n\t\t\tinputmode=\"numeric\" \/>\r\n\t\t                    \r\n                <\/div>\r\n                <span class=\"wqpmb_plain_input hidden\">1<\/span>\r\n\t\t\r\n                <button type=\"button\" class=\"plus qib-button\">+<\/button>\r\n\t\r\n\t<\/div>\r\n\t<\/div>        <\/td>    \r\n                <td class=\"td_or_cell wpt_price wpt_temp_1476 wpt_for_product_desc type_default type_name_Default tag_\"  \r\n            data-keyword=\"price\" \r\n            data-temp_number=\"1476\" \r\n            data-sku=\"502.002\"\r\n            style=\"\"\r\n            >    \r\n            <div class='col_inside_tag price ' data-keyword='price' data-sku='502.002' ><span class=\"wpt_product_price\"><span class=\"woocommerce-Price-amount amount\"><bdi>7.670.00&nbsp;<span class=\"woocommerce-Price-currencySymbol\">&#75;&#269;<\/span><\/bdi><\/span> <small class=\"woocommerce-price-suffix\">bez DPH<\/small><\/span><\/div>        <\/td>    \r\n                <td class=\"td_or_cell wpt_action wpt_temp_1476 type_default type_name_Default tag_\"  \r\n            data-keyword=\"action\" \r\n            data-temp_number=\"1476\" \r\n            data-sku=\"502.002\"\r\n            style=\"\"\r\n            >    \r\n            <div class='col_inside_tag action ' data-keyword='action' data-sku='502.002' ><a rel=\"nofollow\" data-add_to_cart_url=\"https:\/\/www.pipety.eu\/?product=socorex-calibrex-025-2-ml?from=wpt\" href=\"https:\/\/www.pipety.eu\/?product=socorex-calibrex-025-2-ml?from=wpt\" data-quantity=\"1\" data-product_id=\"1473\" data-product_sku=\"502.002\" class=\"ajax_active button wpt_woo_add_cart_button add_to_cart_button\" target=\"_blank\">P\u0159idat do ko\u0161\u00edku<\/a><\/div>        <\/td>    \r\n        <\/tr><tr role='row' data-title='Socorex Calibrex 0,5-5 ml' data-product_id='1474' data-temp_number='1476' data-type='simple' data-parent_id='0' data-quantity='1' data-href='https:\/\/www.pipety.eu\/?product=socorex-calibrex-05-5-ml' id='product_id_1474' class='visible_row wpt_row wpt_row_1476 wpt_row_serial_2 wpt_row_product_id_1474 product_id_1474 no_filter simple product_type_simple stock_status_instock backorders_no sku_520.005 status_publish' data-product_variations='' >        <td class=\"td_or_cell wpt_product_title wpt_temp_1476 type_default type_name_Default tag_\"  \r\n            data-keyword=\"product_title\" \r\n            data-temp_number=\"1476\" \r\n            data-sku=\"520.005\"\r\n            style=\"\"\r\n            >    \r\n            <div class='col_inside_tag product_title ' data-keyword='product_title' data-sku='520.005' ><a class='wpt_product_title_in_td' target='_blank' href='https:\/\/www.pipety.eu\/?product=socorex-calibrex-05-5-ml'>Socorex Calibrex 0,5-5 ml<\/a><\/div>        <\/td>    \r\n                <td class=\"td_or_cell wpt_stock wpt_temp_1476 wpt_for_product_desc type_default type_name_Default tag_\"  \r\n            data-keyword=\"stock\" \r\n            data-temp_number=\"1476\" \r\n            data-sku=\"520.005\"\r\n            style=\"\"\r\n            >    \r\n            <div class='col_inside_tag stock ' data-keyword='stock' data-sku='520.005' ><p class=\"stock in-stock\">5 skladem<\/p>\n<\/div>        <\/td>    \r\n                <td class=\"td_or_cell wpt_quantity wpt_temp_1476 wpt_for_product_desc type_default type_name_Default tag_\"  \r\n            data-keyword=\"quantity\" \r\n            data-temp_number=\"1476\" \r\n            data-sku=\"520.005\"\r\n            style=\"\"\r\n            >    \r\n            <div class='col_inside_tag quantity ' data-keyword='quantity' data-sku='520.005' >\t<div class=\"qib-button qib-button-wrapper\">\r\n\t\r\n\t\t<label class=\"screen-reader-text\" for=\"quantity_69f274ae268bc\">Quantity<\/label>\r\n\t\t\r\n                <button type=\"button\" class=\"minus qib-button\">-<\/button>\r\n                <div class=\"quantity wqpmb_quantity\">\r\n                    <input\r\n\t\t\ttype=\"number\"\r\n\t\t\tid=\"quantity_69f274ae268bc\"\r\n\t\t\tclass=\"wqpmb_input_text input-text qty text\"\r\n\t\t\tstep=\"1\"\r\n\t\t\tmin=\"0\"\r\n\t\t\tmax=\"\"\r\n\t\t\tname=\"quantity\"\r\n\t\t\tvalue=\"1\"\r\n\t\t\ttitle=\"Qty\"\r\n\t\t\tsize=\"4\"\r\n\t\t\tplaceholder=\"\"\r\n\t\t\tinputmode=\"numeric\" \/>\r\n\t\t                    \r\n                <\/div>\r\n                <span class=\"wqpmb_plain_input hidden\">1<\/span>\r\n\t\t\r\n                <button type=\"button\" class=\"plus qib-button\">+<\/button>\r\n\t\r\n\t<\/div>\r\n\t<\/div>        <\/td>    \r\n                <td class=\"td_or_cell wpt_price wpt_temp_1476 wpt_for_product_desc type_default type_name_Default tag_\"  \r\n            data-keyword=\"price\" \r\n            data-temp_number=\"1476\" \r\n            data-sku=\"520.005\"\r\n            style=\"\"\r\n            >    \r\n            <div class='col_inside_tag price ' data-keyword='price' data-sku='520.005' ><span class=\"wpt_product_price\"><span class=\"woocommerce-Price-amount amount\"><bdi>7.670.00&nbsp;<span class=\"woocommerce-Price-currencySymbol\">&#75;&#269;<\/span><\/bdi><\/span> <small class=\"woocommerce-price-suffix\">bez DPH<\/small><\/span><\/div>        <\/td>    \r\n                <td class=\"td_or_cell wpt_action wpt_temp_1476 type_default type_name_Default tag_\"  \r\n            data-keyword=\"action\" \r\n            data-temp_number=\"1476\" \r\n            data-sku=\"520.005\"\r\n            style=\"\"\r\n            >    \r\n            <div class='col_inside_tag action ' data-keyword='action' data-sku='520.005' ><a rel=\"nofollow\" data-add_to_cart_url=\"https:\/\/www.pipety.eu\/?product=socorex-calibrex-05-5-ml?from=wpt\" href=\"https:\/\/www.pipety.eu\/?product=socorex-calibrex-05-5-ml?from=wpt\" data-quantity=\"1\" data-product_id=\"1474\" data-product_sku=\"520.005\" class=\"ajax_active button wpt_woo_add_cart_button add_to_cart_button\" target=\"_blank\">P\u0159idat do ko\u0161\u00edku<\/a><\/div>        <\/td>    \r\n        <\/tr><tr role='row' data-title='Socorex Calibrex 1-10 ml' data-product_id='1475' data-temp_number='1476' data-type='simple' data-parent_id='0' data-quantity='1' data-href='https:\/\/www.pipety.eu\/?product=socorex-calibrex-1-10-ml' id='product_id_1475' class='visible_row wpt_row wpt_row_1476 wpt_row_serial_3 wpt_row_product_id_1475 product_id_1475 no_filter simple product_type_simple stock_status_instock backorders_no sku_520.010 status_publish' data-product_variations='' >        <td class=\"td_or_cell wpt_product_title wpt_temp_1476 type_default type_name_Default tag_\"  \r\n            data-keyword=\"product_title\" \r\n            data-temp_number=\"1476\" \r\n            data-sku=\"520.010\"\r\n            style=\"\"\r\n            >    \r\n            <div class='col_inside_tag product_title ' data-keyword='product_title' data-sku='520.010' ><a class='wpt_product_title_in_td' target='_blank' href='https:\/\/www.pipety.eu\/?product=socorex-calibrex-1-10-ml'>Socorex Calibrex 1-10 ml<\/a><\/div>        <\/td>    \r\n                <td class=\"td_or_cell wpt_stock wpt_temp_1476 wpt_for_product_desc type_default type_name_Default tag_\"  \r\n            data-keyword=\"stock\" \r\n            data-temp_number=\"1476\" \r\n            data-sku=\"520.010\"\r\n            style=\"\"\r\n            >    \r\n            <div class='col_inside_tag stock ' data-keyword='stock' data-sku='520.010' ><p class=\"stock in-stock\">1 skladem<\/p>\n<\/div>        <\/td>    \r\n                <td class=\"td_or_cell wpt_quantity wpt_temp_1476 wpt_for_product_desc type_default type_name_Default tag_\"  \r\n            data-keyword=\"quantity\" \r\n            data-temp_number=\"1476\" \r\n            data-sku=\"520.010\"\r\n            style=\"\"\r\n            >    \r\n            <div class='col_inside_tag quantity ' data-keyword='quantity' data-sku='520.010' >\t<div class=\"qib-button qib-button-wrapper\">\r\n\t\r\n\t\t<label class=\"screen-reader-text\" for=\"quantity_69f274ae2752e\">Quantity<\/label>\r\n\t\t\r\n                <button type=\"button\" class=\"minus qib-button\">-<\/button>\r\n                <div class=\"quantity wqpmb_quantity\">\r\n                    <input\r\n\t\t\ttype=\"number\"\r\n\t\t\tid=\"quantity_69f274ae2752e\"\r\n\t\t\tclass=\"wqpmb_input_text input-text qty text\"\r\n\t\t\tstep=\"1\"\r\n\t\t\tmin=\"0\"\r\n\t\t\tmax=\"\"\r\n\t\t\tname=\"quantity\"\r\n\t\t\tvalue=\"1\"\r\n\t\t\ttitle=\"Qty\"\r\n\t\t\tsize=\"4\"\r\n\t\t\tplaceholder=\"\"\r\n\t\t\tinputmode=\"numeric\" \/>\r\n\t\t                    \r\n                <\/div>\r\n                <span class=\"wqpmb_plain_input hidden\">1<\/span>\r\n\t\t\r\n                <button type=\"button\" class=\"plus qib-button\">+<\/button>\r\n\t\r\n\t<\/div>\r\n\t<\/div>        <\/td>    \r\n                <td class=\"td_or_cell wpt_price wpt_temp_1476 wpt_for_product_desc type_default type_name_Default tag_\"  \r\n            data-keyword=\"price\" \r\n            data-temp_number=\"1476\" \r\n            data-sku=\"520.010\"\r\n            style=\"\"\r\n            >    \r\n            <div class='col_inside_tag price ' data-keyword='price' data-sku='520.010' ><span class=\"wpt_product_price\"><span class=\"woocommerce-Price-amount amount\"><bdi>7.670.00&nbsp;<span class=\"woocommerce-Price-currencySymbol\">&#75;&#269;<\/span><\/bdi><\/span> <small class=\"woocommerce-price-suffix\">bez DPH<\/small><\/span><\/div>        <\/td>    \r\n                <td class=\"td_or_cell wpt_action wpt_temp_1476 type_default type_name_Default tag_\"  \r\n            data-keyword=\"action\" \r\n            data-temp_number=\"1476\" \r\n            data-sku=\"520.010\"\r\n            style=\"\"\r\n            >    \r\n            <div class='col_inside_tag action ' data-keyword='action' data-sku='520.010' ><a rel=\"nofollow\" data-add_to_cart_url=\"https:\/\/www.pipety.eu\/?product=socorex-calibrex-1-10-ml?from=wpt\" href=\"https:\/\/www.pipety.eu\/?product=socorex-calibrex-1-10-ml?from=wpt\" data-quantity=\"1\" data-product_id=\"1475\" data-product_sku=\"520.010\" class=\"ajax_active button wpt_woo_add_cart_button add_to_cart_button\" target=\"_blank\">P\u0159idat do ko\u0161\u00edku<\/a><\/div>        <\/td>    \r\n        <\/tr><\/tbody><\/table><\/div><div class='wpt_table_pagination' data-temp_number='1476'><\/div><div id=\"wpt_load_more_wrapper_1476\" class=\"wpt_load_more_wrapper load_more_hidden\"><button data-temp_number=\"1476\" data-load_type=\"current_page\" data-type=\"load_more\" class=\"button wpt_load_more\">Nahr\u00e1t dal\u0161\u00ed<\/button><\/div><\/div>    <style>\r\n    @media \r\n    only screen and (max-width: 767px) {\r\n        .hide_column_for_mobile_only_for_selected{ display: none!important;}        \r\n\r\n\r\n        table#wpt_table.mobile_responsive.wpt_temporary_table_1476.wpt_product_table tr { border: 1px solid #ddd; margin-bottom: 5px;}\r\n\r\n        table#wpt_table.mobile_responsive.wpt_temporary_table_1476.wpt_product_table td { \r\n            border-bottom: 1px solid;\r\n            position: relative;\r\n            text-align: left;\r\n            padding-left: 8px !important;\r\n            height: 100%;\r\n            border: none;\r\n            border-bottom: 1px solid #ddd;    \r\n        }\r\n        \/*\r\n        table#wpt_table.mobile_responsive.wpt_temporary_table_1476.wpt_product_table td,table#wpt_table.mobile_responsive.wpt_temporary_table_1476.wpt_product_table td.wpt_check,table#wpt_table.mobile_responsive.wpt_temporary_table_1476.wpt_product_table td.wpt_quantity{\r\n         width: 100%;       \r\n        }\r\n        *\/\r\n        table#wpt_table.mobile_responsive.wpt_temporary_table_1476.wpt_product_table td.wpt_quantity { \r\n           min-height: 57px;\r\n        }\r\n\r\n        table#wpt_table.mobile_responsive.wpt_temporary_table_1476.wpt_product_table td.wpt_thumbnails { \r\n           height: 100%;\r\n           padding: 7px;\r\n        }\r\n\r\n        table#wpt_table.mobile_responsive.wpt_temporary_table_1476.wpt_product_table td.wpt_description { \r\n           min-height: 55px;\r\n           height: 100%;\r\n           padding: 7px;\r\n        }\r\n\r\n        table#wpt_table.mobile_responsive.wpt_temporary_table_1476.wpt_product_table td.wpt_action{ \r\n           min-height: 62px;\r\n           height: auto;\r\n        }        \r\n        table#wpt_table.mobile_responsive.wpt_temporary_table_1476.wpt_product_table td.data_product_variations.woocommerce-variation-add-to-cart.variations_button.woocommerce-variation-add-to-cart-disabled.wpt_action{ \r\n                height: 100%;\r\n                padding: 7px 0;\r\n        }\r\n\r\n        table#wpt_table.mobile_responsive.wpt_temporary_table_1476.wpt_product_table td:before { \r\n            width: 88px;\r\n            white-space: normal;\r\n            background: #b7b7b736;\r\n            position: absolute;\r\n            left: 0;\r\n            top: 0;\r\n            height: 100%;\r\n            text-align: right;\r\n            padding-right: 10px;\r\n        }\r\n        \/*VARresponsiveTableLabelData*\/\r\n    } \r\n    table tr.wpt_row td.wpt_quoterequest.addedd{\r\n        display: block !important;\r\n    }\r\n    <\/style>\n\n\n\n<p><\/p>\n","protected":false},"excerpt":{"rendered":"<p>Socorex Calibrex 520 Univerz\u00e1ln\u00ed lahvov\u00fd d\u00e1vkova\u010d s objemem od 0,25 do 10 ml. odoln\u00fd proti velk\u00e9mu mno\u017estv\u00ed chemik\u00e1li\u00ed jednoduch\u00e1 konstrukce zaru\u010duje dlouhou \u017eivotnost mo\u017enost ovl\u00e1d\u00e1n\u00ed jednou rukou d\u00e1vkova\u010d je opat\u0159en QR k\u00f3dem, kter\u00fd odkazuje na web, kde jsou uvedeny chemick\u00e9 l\u00e1tky, proti kter\u00fdm je d\u00e1vkova\u010d resistentn\u00ed autokl\u00e1vovateln\u00fd do 121\u00b0C<\/p>\n","protected":false},"author":1,"featured_media":0,"parent":0,"menu_order":0,"comment_status":"closed","ping_status":"closed","template":"","meta":{"spay_email":""},"_links":{"self":[{"href":"https:\/\/www.pipety.eu\/index.php?rest_route=\/wp\/v2\/pages\/1468"}],"collection":[{"href":"https:\/\/www.pipety.eu\/index.php?rest_route=\/wp\/v2\/pages"}],"about":[{"href":"https:\/\/www.pipety.eu\/index.php?rest_route=\/wp\/v2\/types\/page"}],"author":[{"embeddable":true,"href":"https:\/\/www.pipety.eu\/index.php?rest_route=\/wp\/v2\/users\/1"}],"replies":[{"embeddable":true,"href":"https:\/\/www.pipety.eu\/index.php?rest_route=%2Fwp%2Fv2%2Fcomments&post=1468"}],"version-history":[{"count":10,"href":"https:\/\/www.pipety.eu\/index.php?rest_route=\/wp\/v2\/pages\/1468\/revisions"}],"predecessor-version":[{"id":1519,"href":"https:\/\/www.pipety.eu\/index.php?rest_route=\/wp\/v2\/pages\/1468\/revisions\/1519"}],"wp:attachment":[{"href":"https:\/\/www.pipety.eu\/index.php?rest_route=%2Fwp%2Fv2%2Fmedia&parent=1468"}],"curies":[{"name":"wp","href":"https:\/\/api.w.org\/{rel}","templated":true}]}}